{"id":11092,"date":"2024-06-23T16:45:47","date_gmt":"2024-06-23T14:45:47","guid":{"rendered":"http:\/\/museipiemonte.cultura.gov.it\/?page_id=11092"},"modified":"2024-06-27T16:59:18","modified_gmt":"2024-06-27T14:59:18","slug":"immagini-dal-mondo-in-castello-palazzo-yildiz","status":"publish","type":"page","link":"https:\/\/museipiemonte.cultura.gov.it\/index.php\/immagini-dal-mondo-in-castello-palazzo-yildiz\/","title":{"rendered":"Istanbul, Palazzo Yildiz"},"content":{"rendered":"<p><strong>IMMAGINI DAL MONDO IN CASTELLO<\/strong><\/p>\n<p>Nelle collezioni digitali dell\u2019Universit\u00e0 di Istanbul si conserva un album fotografico realizzato nel 1903 che documenta l\u2019ampiezza e l\u2019assetto della raccolta di armi allestita nel Palazzo Yildiz, la residenza imperiale fatta<br \/>\ncostruire a Istanbul da Adbulhamid II. Alcune tavole presentano i trofei d\u2019armi inviati a Racconigi l\u2019anno seguente.<\/p>\n<p>&nbsp;<\/p>\n<p style=\"padding-left: 30px;\"><em>IMAGES FROM THE WORLD IN THE CASTLE<\/em><\/p>\n<p style=\"padding-left: 30px;\"><em>In the digital collections of Istanbul University, there is a photo album from 1903 documenting the size and layout of the arms collection housed in the Yildiz Palace, the imperial residence built in Istanbul by Adbulhamid II. Some plates show the trophies of arms sent to Racconigi the following year.<\/em><\/p>\n<p>&nbsp;<\/p>\n<figure id=\"attachment_11081\" aria-describedby=\"caption-attachment-11081\" style=\"width: 500px\" class=\"wp-caption alignleft\"><img loading=\"lazy\" decoding=\"async\" class=\"size-medium wp-image-11081\" src=\"http:\/\/museipiemonte.cultura.gov.it\/wp-content\/uploads\/2024\/06\/21-500x379.jpg\" alt=\"Veduta del Palazzo Yildiz a Istanbul, ampliato nel 1880 dall\u2019architetto Raimondo D\u2019Aronco per il sultano Abdulhamid II. View of the Yildiz Palace in Istanbul, expanded in 1880 by the architect Raimondo D'Aronco for Sultan Abdulhamid II.\" width=\"500\" height=\"379\" srcset=\"https:\/\/museipiemonte.cultura.gov.it\/wp-content\/uploads\/2024\/06\/21-500x379.jpg 500w, https:\/\/museipiemonte.cultura.gov.it\/wp-content\/uploads\/2024\/06\/21-230x174.jpg 230w, https:\/\/museipiemonte.cultura.gov.it\/wp-content\/uploads\/2024\/06\/21-350x265.jpg 350w, https:\/\/museipiemonte.cultura.gov.it\/wp-content\/uploads\/2024\/06\/21.jpg 766w\" sizes=\"auto, (max-width: 500px) 100vw, 500px\" \/><figcaption id=\"caption-attachment-11081\" class=\"wp-caption-text\">Veduta del Palazzo Yildiz a Istanbul, ampliato nel 1880 dall\u2019architetto Raimondo D\u2019Aronco per il sultano Abdulhamid II.<br \/><em>View of the Yildiz Palace in\u00a0Istanbul, expanded in 1880 by the architect Raimondo D&#8217;Aronco for Sultan Abdulhamid II.<\/em><\/figcaption><\/figure>\n<figure id=\"attachment_11080\" aria-describedby=\"caption-attachment-11080\" style=\"width: 500px\" class=\"wp-caption alignleft\"><img loading=\"lazy\" decoding=\"async\" class=\"size-medium wp-image-11080\" src=\"http:\/\/museipiemonte.cultura.gov.it\/wp-content\/uploads\/2024\/06\/110-500x388.jpg\" alt=\"Una delle sale interne del Palazzo Yildiz, a Istanbul. One of the interior halls of the Yildiz Palace in Istanbul.\" width=\"500\" height=\"388\" srcset=\"https:\/\/museipiemonte.cultura.gov.it\/wp-content\/uploads\/2024\/06\/110-500x388.jpg 500w, https:\/\/museipiemonte.cultura.gov.it\/wp-content\/uploads\/2024\/06\/110-230x178.jpg 230w, https:\/\/museipiemonte.cultura.gov.it\/wp-content\/uploads\/2024\/06\/110-350x271.jpg 350w, https:\/\/museipiemonte.cultura.gov.it\/wp-content\/uploads\/2024\/06\/110.jpg 780w\" sizes=\"auto, (max-width: 500px) 100vw, 500px\" \/><figcaption id=\"caption-attachment-11080\" class=\"wp-caption-text\">Una delle sale interne del Palazzo Yildiz, a Istanbul.<br \/><em>One of the interior halls of the Yildiz Palace in Istanbul.<\/em><\/figcaption><\/figure>\n<figure id=\"attachment_11083\" aria-describedby=\"caption-attachment-11083\" style=\"width: 500px\" class=\"wp-caption alignleft\"><img loading=\"lazy\" decoding=\"async\" class=\"size-medium wp-image-11083\" src=\"http:\/\/museipiemonte.cultura.gov.it\/wp-content\/uploads\/2024\/06\/41-500x380.jpg\" alt=\"Armi e armature esposte all\u2019interno del Palazzo Yildiz. Tra queste \u00e8 possibile riconoscere alcuni oggetti donati a Vittorio Emanuele III nel 1904. Fonte: \u0130stanbul \u00dcniversitesi, Head Office of Library and Documentations. Weapons and armor displayed inside the Palace of Yildiz. Among these, it is possible to recognize some objects donated to Vittorio Emanuele III in 1904. Source: Istanbul University, Head Office of Library and Documentations.\" width=\"500\" height=\"380\" srcset=\"https:\/\/museipiemonte.cultura.gov.it\/wp-content\/uploads\/2024\/06\/41-500x380.jpg 500w, https:\/\/museipiemonte.cultura.gov.it\/wp-content\/uploads\/2024\/06\/41-1024x778.jpg 1024w, https:\/\/museipiemonte.cultura.gov.it\/wp-content\/uploads\/2024\/06\/41-830x631.jpg 830w, https:\/\/museipiemonte.cultura.gov.it\/wp-content\/uploads\/2024\/06\/41-230x175.jpg 230w, https:\/\/museipiemonte.cultura.gov.it\/wp-content\/uploads\/2024\/06\/41-350x266.jpg 350w, https:\/\/museipiemonte.cultura.gov.it\/wp-content\/uploads\/2024\/06\/41.jpg 1486w\" sizes=\"auto, (max-width: 500px) 100vw, 500px\" \/><figcaption id=\"caption-attachment-11083\" class=\"wp-caption-text\">Armi e armature esposte all\u2019interno del Palazzo Yildiz. Tra queste \u00e8 possibile riconoscere alcuni oggetti donati a Vittorio Emanuele III nel 1904. Fonte: \u0130stanbul \u00dcniversitesi, Head Office of Library and Documentations.<br \/><em>Weapons and armor displayed inside the Palace of Yildiz. Among these, it is possible to recognize some objects donated to Vittorio Emanuele III in 1904. Source: Istanbul University, Head Office of Library and Documentations.<\/em><\/figcaption><\/figure>\n<figure id=\"attachment_11086\" aria-describedby=\"caption-attachment-11086\" style=\"width: 408px\" class=\"wp-caption alignleft\"><img loading=\"lazy\" decoding=\"async\" class=\"size-medium wp-image-11086\" src=\"http:\/\/museipiemonte.cultura.gov.it\/wp-content\/uploads\/2024\/06\/71-408x500.jpg\" alt=\"Una tavola raffigurante l\u2019armatura Jawshan oggi conservata al Castello di Racconigi. Fonte: \u0130stanbul \u00dcniversitesi, Head Office of Library and Documentations. A depiction of the Jawshan armor, now housed at Racconigi Castle. Source: Istanbul University, Head Office of Library and Documentations.\" width=\"408\" height=\"500\" srcset=\"https:\/\/museipiemonte.cultura.gov.it\/wp-content\/uploads\/2024\/06\/71-408x500.jpg 408w, https:\/\/museipiemonte.cultura.gov.it\/wp-content\/uploads\/2024\/06\/71-835x1024.jpg 835w, https:\/\/museipiemonte.cultura.gov.it\/wp-content\/uploads\/2024\/06\/71-830x1018.jpg 830w, https:\/\/museipiemonte.cultura.gov.it\/wp-content\/uploads\/2024\/06\/71-230x282.jpg 230w, https:\/\/museipiemonte.cultura.gov.it\/wp-content\/uploads\/2024\/06\/71-350x429.jpg 350w, https:\/\/museipiemonte.cultura.gov.it\/wp-content\/uploads\/2024\/06\/71.jpg 1579w\" sizes=\"auto, (max-width: 408px) 100vw, 408px\" \/><figcaption id=\"caption-attachment-11086\" class=\"wp-caption-text\">Una tavola raffigurante l\u2019armatura Jawshan oggi conservata al Castello di Racconigi. Fonte: \u0130stanbul \u00dcniversitesi, Head Office of Library and Documentations.<br \/><em>A depiction of the Jawshan armor, now housed at Racconigi Castle. Source: Istanbul University, Head Office of Library and Documentations.<\/em><\/figcaption><\/figure>\n<figure id=\"attachment_11084\" aria-describedby=\"caption-attachment-11084\" style=\"width: 500px\" class=\"wp-caption alignleft\"><img loading=\"lazy\" decoding=\"async\" class=\"size-medium wp-image-11084\" src=\"http:\/\/museipiemonte.cultura.gov.it\/wp-content\/uploads\/2024\/06\/51-500x378.jpg\" alt=\"Armi e armature esposte all\u2019interno del Palazzo Yildiz. Tra queste \u00e8 possibile riconoscere alcuni oggetti donati a Vittorio Emanuele III nel 1904. Fonte: \u0130stanbul \u00dcniversitesi, Head Office of Library and Documentations. Weapons and armor displayed inside the Palace of Yildiz. Among these, it is possible to recognize some objects donated to Vittorio Emanuele III in 1904. Source: Istanbul University, Head Office of Library and Documentations.\" width=\"500\" height=\"378\" srcset=\"https:\/\/museipiemonte.cultura.gov.it\/wp-content\/uploads\/2024\/06\/51-500x378.jpg 500w, https:\/\/museipiemonte.cultura.gov.it\/wp-content\/uploads\/2024\/06\/51-1024x775.jpg 1024w, https:\/\/museipiemonte.cultura.gov.it\/wp-content\/uploads\/2024\/06\/51-830x628.jpg 830w, https:\/\/museipiemonte.cultura.gov.it\/wp-content\/uploads\/2024\/06\/51-230x174.jpg 230w, https:\/\/museipiemonte.cultura.gov.it\/wp-content\/uploads\/2024\/06\/51-350x265.jpg 350w, https:\/\/museipiemonte.cultura.gov.it\/wp-content\/uploads\/2024\/06\/51.jpg 1357w\" sizes=\"auto, (max-width: 500px) 100vw, 500px\" \/><figcaption id=\"caption-attachment-11084\" class=\"wp-caption-text\">Armi e armature esposte all\u2019interno del Palazzo Yildiz. Tra queste \u00e8 possibile riconoscere alcuni oggetti donati a Vittorio Emanuele III nel 1904. Fonte: \u0130stanbul \u00dcniversitesi, Head Office of Library and Documentations.<br \/><em>Weapons and armor displayed\u00a0inside the Palace of Yildiz.\u00a0Among these, it is possible to recognize some objects donated to Vittorio Emanuele III in 1904. Source: Istanbul University, Head Office of Library and Documentations.<\/em><\/figcaption><\/figure>\n<figure id=\"attachment_11082\" aria-describedby=\"caption-attachment-11082\" style=\"width: 500px\" class=\"wp-caption alignleft\"><img loading=\"lazy\" decoding=\"async\" class=\"size-medium wp-image-11082\" src=\"http:\/\/museipiemonte.cultura.gov.it\/wp-content\/uploads\/2024\/06\/31-500x382.jpg\" alt=\"Armi e armature esposte all\u2019interno del Palazzo Yildiz. In primo piano viene presentata una selezione di armi da fuoco. Fonte: \u0130stanbul \u00dcniversitesi, Head Office of Library and Documentations. Weapons and armor displayed inside Yildiz Palace. In the foreground, a selection of firearms is presented. Source: Istanbul University, Head Office of Library and Documentation.\" width=\"500\" height=\"382\" srcset=\"https:\/\/museipiemonte.cultura.gov.it\/wp-content\/uploads\/2024\/06\/31-500x382.jpg 500w, https:\/\/museipiemonte.cultura.gov.it\/wp-content\/uploads\/2024\/06\/31-1024x783.jpg 1024w, https:\/\/museipiemonte.cultura.gov.it\/wp-content\/uploads\/2024\/06\/31-830x634.jpg 830w, https:\/\/museipiemonte.cultura.gov.it\/wp-content\/uploads\/2024\/06\/31-230x176.jpg 230w, https:\/\/museipiemonte.cultura.gov.it\/wp-content\/uploads\/2024\/06\/31-350x268.jpg 350w, https:\/\/museipiemonte.cultura.gov.it\/wp-content\/uploads\/2024\/06\/31.jpg 1468w\" sizes=\"auto, (max-width: 500px) 100vw, 500px\" \/><figcaption id=\"caption-attachment-11082\" class=\"wp-caption-text\">Armi e armature esposte\u00a0all\u2019interno del Palazzo Yildiz. In primo piano viene presentata una selezione di armi da fuoco. Fonte: \u0130stanbul \u00dcniversitesi, Head Office of Library and Documentations.<br \/><em>Weapons and armor displayed inside Yildiz Palace. In the foreground, a selection of firearms is presented. Source: Istanbul University, Head Office of Library and\u00a0Documentations.<\/em><\/figcaption><\/figure>\n<figure id=\"attachment_11085\" aria-describedby=\"caption-attachment-11085\" style=\"width: 411px\" class=\"wp-caption alignleft\"><img loading=\"lazy\" decoding=\"async\" class=\"size-medium wp-image-11085\" src=\"http:\/\/museipiemonte.cultura.gov.it\/wp-content\/uploads\/2024\/06\/61-411x500.jpg\" alt=\"Una tavola raffigurante le testiere da parata per cavallo di ambito turco-ottomano e una staffa per arco, oggi conservate al Castello di Racconigi. Fonte: \u0130stanbul \u00dcniversitesi, Head Office of Library and Documentations. A depiction of the Turkish-Ottoman parade horse headstalls and a bow stirrup, now preserved at Racconigi Castle. Source: Istanbul University, Head Office of Library and Documentation.\" width=\"411\" height=\"500\" srcset=\"https:\/\/museipiemonte.cultura.gov.it\/wp-content\/uploads\/2024\/06\/61-411x500.jpg 411w, https:\/\/museipiemonte.cultura.gov.it\/wp-content\/uploads\/2024\/06\/61-841x1024.jpg 841w, https:\/\/museipiemonte.cultura.gov.it\/wp-content\/uploads\/2024\/06\/61-830x1011.jpg 830w, https:\/\/museipiemonte.cultura.gov.it\/wp-content\/uploads\/2024\/06\/61-230x280.jpg 230w, https:\/\/museipiemonte.cultura.gov.it\/wp-content\/uploads\/2024\/06\/61-350x426.jpg 350w, https:\/\/museipiemonte.cultura.gov.it\/wp-content\/uploads\/2024\/06\/61.jpg 1600w\" sizes=\"auto, (max-width: 411px) 100vw, 411px\" \/><figcaption id=\"caption-attachment-11085\" class=\"wp-caption-text\">Una tavola raffigurante le testiere da parata per cavallo di ambito turco-ottomano e una staffa per arco, oggi conservate al Castello di Racconigi. Fonte: \u0130stanbul \u00dcniversitesi, Head Office of Library and Documentations.<br \/><em>A depiction of the Turkish-Ottoman parade horse headstalls and a bow stirrup, now preserved at Racconigi Castle. Source: Istanbul University, Head Office of Library and Documentations.<\/em><\/figcaption><\/figure>\n","protected":false},"excerpt":{"rendered":"<p>IMMAGINI DAL MONDO IN CASTELLO Nelle collezioni digitali dell\u2019Universit\u00e0 di Istanbul si conserva un album fotografico realizzato nel 1903 che documenta l\u2019ampiezza e l\u2019assetto della raccolta di armi allestita nel Palazzo Yildiz, la residenza imperiale [&hellip;]<\/p>\n","protected":false},"author":1,"featured_media":0,"parent":0,"menu_order":0,"comment_status":"closed","ping_status":"closed","template":"","meta":{"footnotes":""},"class_list":["post-11092","page","type-page","status-publish","hentry"],"_links":{"self":[{"href":"https:\/\/museipiemonte.cultura.gov.it\/index.php\/wp-json\/wp\/v2\/pages\/11092","targetHints":{"allow":["GET"]}}],"collection":[{"href":"https:\/\/museipiemonte.cultura.gov.it\/index.php\/wp-json\/wp\/v2\/pages"}],"about":[{"href":"https:\/\/museipiemonte.cultura.gov.it\/index.php\/wp-json\/wp\/v2\/types\/page"}],"author":[{"embeddable":true,"href":"https:\/\/museipiemonte.cultura.gov.it\/index.php\/wp-json\/wp\/v2\/users\/1"}],"replies":[{"embeddable":true,"href":"https:\/\/museipiemonte.cultura.gov.it\/index.php\/wp-json\/wp\/v2\/comments?post=11092"}],"version-history":[{"count":9,"href":"https:\/\/museipiemonte.cultura.gov.it\/index.php\/wp-json\/wp\/v2\/pages\/11092\/revisions"}],"predecessor-version":[{"id":11231,"href":"https:\/\/museipiemonte.cultura.gov.it\/index.php\/wp-json\/wp\/v2\/pages\/11092\/revisions\/11231"}],"wp:attachment":[{"href":"https:\/\/museipiemonte.cultura.gov.it\/index.php\/wp-json\/wp\/v2\/media?parent=11092"}],"curies":[{"name":"wp","href":"https:\/\/api.w.org\/{rel}","templated":true}]}}