{"id":236,"date":"2015-12-06T11:14:32","date_gmt":"2015-12-06T10:14:32","guid":{"rendered":"http:\/\/museipiemonte.cultura.gov.it\/?page_id=236"},"modified":"2026-05-04T14:28:59","modified_gmt":"2026-05-04T12:28:59","slug":"visita-il-castello-di-aglie","status":"publish","type":"page","link":"https:\/\/museipiemonte.cultura.gov.it\/index.php\/musei-e-luoghi-della-cultura\/castello-di-aglie\/visita-il-castello-di-aglie\/","title":{"rendered":"Visita il Castello di Agli\u00e8"},"content":{"rendered":"<p style=\"text-align: center;\"><a href=\"http:\/\/museipiemonte.cultura.gov.it\/index.php\/musei-e-luoghi-della-cultura\/castello-di-aglie\/\">Storia<\/a> \u00a0 \u00a0| \u00a0 \u00a0<strong>Visita il Castello di Agli\u00e8<\/strong>\u00a0 \u00a0 | \u00a0 \u00a0<a href=\"http:\/\/museipiemonte.cultura.gov.it\/index.php\/musei-e-luoghi-della-cultura\/castello-di-aglie\/castello-di-aglie-immagini-e-video\/\">Immagini e video<\/a> \u00a0 \u00a0| \u00a0 \u00a0<a href=\"http:\/\/museipiemonte.cultura.gov.it\/index.php\/musei-e-luoghi-della-cultura\/castello-di-aglie\/castello-di-aglie-staff\/\">Staff<\/a> \u00a0 \u00a0| \u00a0 \u00a0<a href=\"http:\/\/museipiemonte.cultura.gov.it\/index.php\/musei-e-luoghi-della-cultura\/castello-di-aglie\/castello-di-aglie-contatti\/\">Contatti<\/a>\u00a0 \u00a0 | \u00a0 \u00a0<a href=\"http:\/\/museipiemonte.cultura.gov.it\/index.php\/category\/castello-di-aglie\/\">News<\/a>\u00a0\u00a0 \u00a0 |\u00a0 \u00a0\u00a0<a href=\"http:\/\/museipiemonte.cultura.gov.it\/?p=6061\">Offerta formativa<\/a><\/p>\n<p style=\"text-align: center;\"><img loading=\"lazy\" decoding=\"async\" class=\"alignnone size-full wp-image-164\" src=\"http:\/\/museipiemonte.cultura.gov.it\/wp-content\/uploads\/2015\/11\/hr2.png\" alt=\"hr2\" width=\"164\" height=\"50\" \/><\/p>\n<blockquote>\n<p style=\"text-align: center;\"><a href=\"https:\/\/museipiemonte.cultura.gov.it\/index.php\/2026\/04\/18\/castello-di-aglie-mostra-vitae-il-sentimento-della-natura-di-jessica-r-carroll-e-rassegna-culturale-intrecci\/\"><strong>VITAE. Il sentimento della Natura mostra personale di Jessica R. Carroll &#8211; 18 aprile-27 settembre<\/strong><\/a><\/p>\n<p style=\"text-align: center;\"><a href=\"https:\/\/museipiemonte.cultura.gov.it\/index.php\/musei-e-luoghi-della-cultura\/castello-di-aglie\/visita-il-castello-di-aglie\/\"><strong>Il Parco \u00e8 chiuso fino a nuova comunicazione<\/strong><\/a><\/p>\n<p style=\"text-align: center;\"><a href=\"https:\/\/museipiemonte.cultura.gov.it\/index.php\/2026\/03\/16\/arte-e-naturalia-al-castello-di-aglie-visite-naturalistiche-marzo-settembre-2026\/\" target=\"_blank\" rel=\"noopener\"><strong>Torna il ciclo di visite tematiche Arte e naturalia<\/strong><\/a><\/p>\n<p style=\"text-align: center;\"><b><a href=\"http:\/\/museipiemonte.cultura.gov.it\/index.php\/musei-e-luoghi-della-cultura\/castello-di-aglie\/visita-il-castello-di-aglie\/\">Il Giardino \u00e8 aperto salvo avverse condizioni meteorologiche<\/a><\/b><\/p>\n<\/blockquote>\n<p><strong><em>Orari Castello<\/em><\/strong><\/p>\n<p><em>luned\u00ec, mercoled\u00ec, gioved\u00ec, venerd\u00ec, sabato e domenica<br \/>\n<\/em>dalle 9.00 alle 13.00 (ultimo ingresso 12.00) e dalle 14.00 alle 19.00 (ultimo ingresso 18.00)*<br \/>\n<em>*l&#8217;orario pu\u00f2 variare in occasione di eventi all&#8217;interno del Castello.<\/em><\/p>\n<p><em>marted\u00ec<br \/>\n<\/em>chiuso<\/p>\n<p><strong>Dal luned\u00ec alla domenica <\/strong>le visite, con cadenza oraria, si svolgono <span style=\"text-decoration: underline;\">con accompagnamento<\/span> del personale del Castello in gruppi di massimo 25 persone e includono l&#8217;Appartamento di Rappresentanza e, fino a domenica 27 settembre, anche la mostra <strong><em>VITAE. Il sentimento della Natura<\/em><\/strong>, opere di Jessica R. Carroll.<\/p>\n<p>Il Castello potr\u00e0 essere visitato visita liberamente, senza accompagnamento, nelle seguenti giornate:<\/p>\n<ul>\n<li>aprile e maggio: tutte le domeniche<\/li>\n<li>giugno, luglio, agosto, settembre, ottobre: tutte le prime domeniche del mese a ingresso gratuito<\/li>\n<li>nei fine settimana della Festa della Liberazione &#8211; sabato 25 e domenica 26 aprile, e di Ferragosto &#8211; sabato 15 e domenica 16 agosto<\/li>\n<li>nelle giornata della Festa del Lavoro &#8211; 1\u00b0 maggio, e della la Festa della Repubblica &#8211; 2 giugno<\/li>\n<\/ul>\n<p>L\u2019acquisto del biglietto di ingresso pu\u00f2 essere effettuato sia online su <a href=\"http:\/\/www.museiitaliani.it\" target=\"_blank\" rel=\"noopener\">www.museiitaliani.it<\/a> oppure tramite l\u2019app Musei Italiani, sia alla biglietteria del Castello.<br \/>\nSi ricorda che in mancanza dell\u2019avvenuto acquisto del biglietto online tramite sito o app Musei Italiani l\u2019accesso al Castello non \u00e8 garantito.<\/p>\n<p>Si invitano i visitatori che hanno acquistato il biglietto tramite Musei Italiani a presentarsi con puntualit\u00e0 rispetto all\u2019orario scelto; in caso contrario non si garantisce l\u2019ingresso. Nei giorni a ingresso gratuito in caso di ritardo oltre i 10 minuti decade il diritto di accesso in Castello.<\/p>\n<p>Servizio supporto dell\u2019acquisto online dei biglietti: <a href=\"mailto:info@museiitaliani.it\" target=\"_blank\" rel=\"noopener\">info@museiitaliani.it<\/a><br \/>\nCall center +39 06 87570182 (il servizio \u00e8 attivo tutti i giorni dalle 9.00 alle 17.30).<\/p>\n<p>SCARICA L&#8217;APP<\/p>\n<p><a href=\"https:\/\/apps.apple.com\/it\/app\/musei-italiani\/id6450997120\" target=\"_blank\" rel=\"noopener\"><img loading=\"lazy\" decoding=\"async\" class=\"alignnone wp-image-10402 size-full\" src=\"http:\/\/museipiemonte.cultura.gov.it\/wp-content\/uploads\/2024\/01\/AppStoreBadge_150.png\" alt=\"AppStoreBadge_150\" width=\"150\" height=\"44\" \/><\/a><\/p>\n<p><a href=\"https:\/\/play.google.com\/store\/apps\/details?id=it.dgmusei.museitaliani&amp;pcampaignid=web_share\" target=\"_blank\" rel=\"noopener\"><img loading=\"lazy\" decoding=\"async\" class=\"alignnone wp-image-10403 size-full\" src=\"http:\/\/museipiemonte.cultura.gov.it\/wp-content\/uploads\/2024\/01\/GooglePlayStorebadgeIT_150.png\" alt=\"GooglePlayStorebadgeIT_150\" width=\"150\" height=\"44\" \/><\/a><\/p>\n<p>&nbsp;<\/p>\n<p>Per i gruppi\u00a0e le scuole si richiede la figura della guida turistica abilitata ed \u00e8 obbligatoria la prenotazione scrivendo una e-mail all&#8217;indirizzo <a href=\"mailto:drm-pie.aglie@cultura.gov.it\">drm-pie.aglie@cultura.gov.it<\/a>.<\/p>\n<p>Per gli elenchi delle guide turistiche abilitate da contattare, anche in lingua straniere (scuole, singoli e gruppi):<br \/>\n<a href=\"http:\/\/www.cittametropolitana.torino.it\/cms\/attivita-produttive\/economia-turistica\/professioni-turistiche\" target=\"_blank\" rel=\"noopener\">http:\/\/www.cittametropolitana.torino.it\/cms\/attivita-produttive\/economia-turistica\/professioni-turistiche<\/a><\/p>\n<p>&nbsp;<\/p>\n<p><em><strong>Orari Giardini e Parco<\/strong><\/em><\/p>\n<p><em>luned\u00ec, mercoled\u00ec, gioved\u00ec, venerd\u00ec, sabato e domenica<br \/>\n<\/em>dalle 9.00 alle 19.00 (ultimo ingresso 18.00)<\/p>\n<p><em>marted\u00ec<\/em><br \/>\nchiuso<\/p>\n<p>Per ragioni di sicurezza e per condizioni meteorologiche avverse, Giardini e Parco potranno essere soggetti a chiusure totali o chiusure anticipate al pubblico.<\/p>\n<p>Visita libera, prenotazione non necessaria, acquisto biglietti presso la biglietteria del Castello.<\/p>\n<p>L&#8217;accesso al Parco e al Giardino \u00e8 gratuito per i residenti nel Comune di Agli\u00e8 (\u00e8 necessaria l&#8217;esibizione di un documento attestante la residenza).<\/p>\n<p><img loading=\"lazy\" decoding=\"async\" class=\"alignnone size-full wp-image-157\" src=\"http:\/\/museipiemonte.cultura.gov.it\/wp-content\/uploads\/2015\/11\/hr.png\" alt=\"\" width=\"50\" height=\"50\" \/><\/p>\n<p style=\"text-align: left;\"><strong><em>Biglietti<br \/>\n<\/em><\/strong><br \/>\n<em>Castello<\/em><br \/>\n8,00 Euro<\/p>\n<p style=\"text-align: left;\"><em>Giardino<\/em> 3,00 Euro<br \/>\n<em>Parco+Giardino<\/em> 5,00 Euro<\/p>\n<p style=\"text-align: left;\">Ridotto 2,00 Euro per i ragazzi dai 18 ai 25 anni<\/p>\n<p style=\"text-align: left;\">L&#8217;accesso al Parco e al Giardino \u00e8 gratuito per i residenti nel Comune di Agli\u00e8 (\u00e8 necessaria l&#8217;esibizione di un documento attestante la residenza)<\/p>\n<p>Gratuito per:<br \/>\nminori di 18 anni;<br \/>\ndocenti della scuola, di ruolo o con contratto a termine, su presentazione della certificazione del proprio stato di docente (scarica il modello <a href=\"http:\/\/museipiemonte.cultura.gov.it\/wp-content\/uploads\/2017\/03\/certif-docenti.pdf\" target=\"_blank\" rel=\"noopener\"><img loading=\"lazy\" decoding=\"async\" class=\"alignnone wp-image-460\" src=\"http:\/\/museipiemonte.cultura.gov.it\/wp-content\/uploads\/2015\/12\/pdf.png\" alt=\"pdf\" width=\"20\" height=\"20\" srcset=\"https:\/\/museipiemonte.cultura.gov.it\/wp-content\/uploads\/2015\/12\/pdf.png 225w, https:\/\/museipiemonte.cultura.gov.it\/wp-content\/uploads\/2015\/12\/pdf-150x150.png 150w\" sizes=\"auto, (max-width: 20px) 100vw, 20px\" \/><\/a>\u00a0<a href=\"http:\/\/museipiemonte.cultura.gov.it\/wp-content\/uploads\/2017\/03\/certif-docenti.pdf\">certificazione docenti<\/a>);<br \/>\ndocenti e studenti delle facolt\u00e0 di architettura, di conservazione dei beni culturali, di scienze della formazione e dei corsi di laurea in lettere o materie letterarie con indirizzo archeologico o storico-artistico delle facolt\u00e0 di lettere e filosofia, delle accademie di belle arti o dei corsi e degli istituti corrispondenti negli Stati membri dell&#8217;Unione Europea (il biglietto gratuito \u00e8 rilasciato agli studenti mediante esibizione del certificato di iscrizione per l&#8217;anno accademico in corso);<br \/>\ntitolari dell\u2019Abbonamento Musei, Torino+Piemonte Card e Royal Pass;<br \/>\npersonale Ministero della Cultura;<br \/>\nmembri ICOM;<br \/>\ngiornalisti muniti di tessera professionale;<br \/>\npersone con disabilit\u00e0 e relativi accompagnatori;<br \/>\noperatori delle associazioni di volontariato che svolgano, in base a convenzioni in essere stipulate con il Ministero ai sensi dell&#8217;articolo 112, comma 8, del Codice, attivit\u00e0 di promozione e diffusione della conoscenza dei beni culturali;<br \/>\npossessori di Passaporto Culturale \u2013 progetto Nati con la Cultura.<\/p>\n<p><strong>Il pagamento presso la biglietteria pu\u00f2 essere effettuato in contanti o tramite dispositivo POS.<\/strong><\/p>\n<p>Info: <a href=\"mailto:drm-pie.aglie@cultura.gov.it\" target=\"_blank\" rel=\"noopener\">drm-pie.aglie@cultura.gov.it<\/a> &#8211; 0124 330102<\/p>\n<p style=\"text-align: left;\"><img loading=\"lazy\" decoding=\"async\" class=\"alignnone size-full wp-image-157\" src=\"http:\/\/museipiemonte.cultura.gov.it\/wp-content\/uploads\/2015\/11\/hr.png\" alt=\"\" width=\"50\" height=\"50\" \/><\/p>\n<p style=\"text-align: left;\"><strong><em>Dove siamo<\/em><\/strong><\/p>\n<p style=\"text-align: left;\"><iframe loading=\"lazy\" style=\"border: 0;\" src=\"https:\/\/www.google.com\/maps\/embed?pb=!1m18!1m12!1m3!1d2803.3625171754716!2d7.767515942913852!3d45.36167925472811!2m3!1f0!2f0!3f0!3m2!1i1024!2i768!4f13.1!3m3!1m2!1s0x47888871609bea97%3A0x92c3809816e8c2e9!2sCastle+of+Agli%C3%A8!5e0!3m2!1sit!2sit!4v1449397567895\" width=\"600\" height=\"300\" frameborder=\"0\" allowfullscreen=\"allowfullscreen\"><\/iframe><\/p>\n<p style=\"text-align: left;\">Castello di\u00a0Agli\u00e8<br \/>\nPiazza Castello, 1<br \/>\n10011\u00a0Agli\u00e8 (TO)<\/p>\n<p style=\"text-align: left;\"><img loading=\"lazy\" decoding=\"async\" class=\"alignnone size-full wp-image-157\" src=\"http:\/\/museipiemonte.cultura.gov.it\/wp-content\/uploads\/2015\/11\/hr.png\" alt=\"\" width=\"50\" height=\"50\" \/><\/p>\n<p style=\"text-align: left;\"><strong><em>Come raggiungerci<\/em><\/strong><\/p>\n<p style=\"text-align: left;\">In aereo: aeroporto di Torino Caselle &#8220;Sandro Pertini&#8221; (TRN)\u00a0&#8211; info:\u00a0<a href=\"http:\/\/www.aeroportoditorino.it\/it\" target=\"_blank\" rel=\"noopener\">Sagat<\/a><br \/>\nIn treno: stazione di Rivarolo Canavese &#8211; linea SFM1\u00a0&#8211; info:\u00a0<a href=\"http:\/\/www.sfmtorino.it\/rivarolo-castello-di-aglie\/\" target=\"_blank\" rel=\"noopener\">SFM Torino<\/a><br \/>\nIn autobus: linea 145 Rivarolo-Ivrea &#8211; info:\u00a0<a href=\"http:\/\/www.sfmtorino.it\/rivarolo-castello-di-aglie\/\" target=\"_blank\" rel=\"noopener\">SFM Torino<\/a><br \/>\nIn auto, da autostrada A5: uscita San Giorgio Canavese\u00a0&#8211; proseguire in direzione Agli\u00e8 &#8211; <a href=\"https:\/\/goo.gl\/maps\/wPzVDmgRF222\" target=\"_blank\" rel=\"noopener\">vedi sulla mappa<\/a><\/p>\n<p style=\"text-align: left;\"><strong><em>Parcheggi nelle vicinanze<\/em><\/strong><\/p>\n<p>Parcheggi a raso gratuiti nella piazza antistante e nelle vie limitrofe<\/p>\n<p><img loading=\"lazy\" decoding=\"async\" class=\"alignnone size-full wp-image-157\" src=\"http:\/\/museipiemonte.cultura.gov.it\/wp-content\/uploads\/2015\/11\/hr.png\" alt=\"\" width=\"50\" height=\"50\" \/><\/p>\n<p><strong><em>Servizi<\/em><br \/>\n<\/strong><\/p>\n<p><em>Accesso disabili<\/em><br \/>\nL&#8217;ingresso principale \u00e8 dotato di scivolo in pietra per superare tre gradini. La porta misura 1,2 metri di larghezza.<\/p>\n<p><em>Audioguide<\/em><br \/>\nNon disponibili<\/p>\n<p><em>Guardaroba<\/em><br \/>\nNon disponibile<\/p>\n<p><em>Bookshop<br \/>\n<\/em>Non disponibile<\/p>\n<p><a href=\"http:\/\/museipiemonte.cultura.gov.it\/wp-content\/uploads\/2015\/12\/pdf.png\" target=\"_blank\" rel=\"http:\/\/museipiemonte.cultura.gov.it\/wp-content\/uploads\/2017\/12\/aglie-carta-servizi.pdf noopener\"><img loading=\"lazy\" decoding=\"async\" class=\"alignnone wp-image-460\" src=\"http:\/\/museipiemonte.cultura.gov.it\/wp-content\/uploads\/2015\/12\/pdf.png\" alt=\"pdf\" width=\"20\" height=\"20\" srcset=\"https:\/\/museipiemonte.cultura.gov.it\/wp-content\/uploads\/2015\/12\/pdf.png 225w, https:\/\/museipiemonte.cultura.gov.it\/wp-content\/uploads\/2015\/12\/pdf-150x150.png 150w\" sizes=\"auto, (max-width: 20px) 100vw, 20px\" \/><\/a>\u00a0 \u00a0<a href=\"http:\/\/museipiemonte.cultura.gov.it\/wp-content\/uploads\/2017\/12\/aglie-carta-servizi.pdf\" target=\"_blank\" rel=\"noopener\">Carta servizi &#8211; Castello di Agli\u00e8<\/a><\/p>\n<p><img loading=\"lazy\" decoding=\"async\" class=\"alignnone size-full wp-image-157\" src=\"http:\/\/museipiemonte.cultura.gov.it\/wp-content\/uploads\/2015\/11\/hr.png\" alt=\"\" width=\"50\" height=\"50\" \/><\/p>\n<p><strong><em>Progetto Scopri il tuo museo &#8211; mappe tematiche<\/em><\/strong><\/p>\n<p><a href=\"http:\/\/museipiemonte.cultura.gov.it\/wp-content\/uploads\/2016\/05\/FJ-AglieInternoA1F2.pdf\"><img loading=\"lazy\" decoding=\"async\" class=\"alignnone wp-image-460\" src=\"http:\/\/museipiemonte.cultura.gov.it\/wp-content\/uploads\/2015\/12\/pdf.png\" alt=\"pdf\" width=\"20\" height=\"20\" srcset=\"https:\/\/museipiemonte.cultura.gov.it\/wp-content\/uploads\/2015\/12\/pdf.png 225w, https:\/\/museipiemonte.cultura.gov.it\/wp-content\/uploads\/2015\/12\/pdf-150x150.png 150w\" sizes=\"auto, (max-width: 20px) 100vw, 20px\" \/><\/a>\u00a0 <a href=\"http:\/\/museipiemonte.cultura.gov.it\/wp-content\/uploads\/2016\/05\/FJ-AglieInternoA1F2.pdf\">Scarica la mappa del Castello di Agli\u00e8 &#8211; interno<br \/>\n<\/a><a href=\"http:\/\/museipiemonte.cultura.gov.it\/wp-content\/uploads\/2016\/05\/FJ-AglieEsternoA3F1.pdfhttp:\/\/polomusealepiemonte.beniculturali.it\/wp-content\/uploads\/2016\/05\/FJ-AglieInternoA1F2.pdf\"><img loading=\"lazy\" decoding=\"async\" class=\"alignnone wp-image-460\" src=\"http:\/\/museipiemonte.cultura.gov.it\/wp-content\/uploads\/2015\/12\/pdf.png\" alt=\"pdf\" width=\"20\" height=\"20\" srcset=\"https:\/\/museipiemonte.cultura.gov.it\/wp-content\/uploads\/2015\/12\/pdf.png 225w, https:\/\/museipiemonte.cultura.gov.it\/wp-content\/uploads\/2015\/12\/pdf-150x150.png 150w\" sizes=\"auto, (max-width: 20px) 100vw, 20px\" \/><\/a>\u00a0 <a href=\"http:\/\/museipiemonte.cultura.gov.it\/wp-content\/uploads\/2016\/05\/FJ-AglieEsternoA3F1.pdf\" target=\"_blank\" rel=\"noopener\">Scarica la mappa del Castello di Agli\u00e8 &#8211; esterno<\/a><\/p>\n","protected":false},"excerpt":{"rendered":"<p>Storia \u00a0 \u00a0| \u00a0 \u00a0Visita il Castello di Agli\u00e8\u00a0 \u00a0 | \u00a0 \u00a0Immagini e video \u00a0 \u00a0| \u00a0 \u00a0Staff \u00a0 \u00a0| \u00a0 \u00a0Contatti\u00a0 \u00a0 | \u00a0 \u00a0News\u00a0\u00a0 \u00a0 |\u00a0 \u00a0\u00a0Offerta formativa VITAE. Il sentimento della [&hellip;]<\/p>\n","protected":false},"author":1,"featured_media":0,"parent":55,"menu_order":1,"comment_status":"closed","ping_status":"closed","template":"page-templates\/page_fullwidth.php","meta":{"footnotes":""},"class_list":["post-236","page","type-page","status-publish","hentry"],"_links":{"self":[{"href":"https:\/\/museipiemonte.cultura.gov.it\/index.php\/wp-json\/wp\/v2\/pages\/236","targetHints":{"allow":["GET"]}}],"collection":[{"href":"https:\/\/museipiemonte.cultura.gov.it\/index.php\/wp-json\/wp\/v2\/pages"}],"about":[{"href":"https:\/\/museipiemonte.cultura.gov.it\/index.php\/wp-json\/wp\/v2\/types\/page"}],"author":[{"embeddable":true,"href":"https:\/\/museipiemonte.cultura.gov.it\/index.php\/wp-json\/wp\/v2\/users\/1"}],"replies":[{"embeddable":true,"href":"https:\/\/museipiemonte.cultura.gov.it\/index.php\/wp-json\/wp\/v2\/comments?post=236"}],"version-history":[{"count":710,"href":"https:\/\/museipiemonte.cultura.gov.it\/index.php\/wp-json\/wp\/v2\/pages\/236\/revisions"}],"predecessor-version":[{"id":14277,"href":"https:\/\/museipiemonte.cultura.gov.it\/index.php\/wp-json\/wp\/v2\/pages\/236\/revisions\/14277"}],"up":[{"embeddable":true,"href":"https:\/\/museipiemonte.cultura.gov.it\/index.php\/wp-json\/wp\/v2\/pages\/55"}],"wp:attachment":[{"href":"https:\/\/museipiemonte.cultura.gov.it\/index.php\/wp-json\/wp\/v2\/media?parent=236"}],"curies":[{"name":"wp","href":"https:\/\/api.w.org\/{rel}","templated":true}]}}