{"id":298,"date":"2015-12-06T16:14:30","date_gmt":"2015-12-06T16:14:30","guid":{"rendered":"http:\/\/museipiemonte.cultura.gov.it\/?page_id=298"},"modified":"2026-04-08T09:46:27","modified_gmt":"2026-04-08T07:46:27","slug":"visita-il-castello-di-serralunga","status":"publish","type":"page","link":"https:\/\/museipiemonte.cultura.gov.it\/index.php\/musei-e-luoghi-della-cultura\/castello-di-serralunga\/visita-il-castello-di-serralunga\/","title":{"rendered":"Visita il Castello di Serralunga"},"content":{"rendered":"<p style=\"text-align: center;\"><a href=\"http:\/\/museipiemonte.cultura.gov.it\/index.php\/musei-e-luoghi-della-cultura\/castello-di-serralunga\/\">Storia<\/a> \u00a0 \u00a0| \u00a0 \u00a0<strong>Visita il Castello di Serralunga<\/strong>\u00a0 \u00a0 | \u00a0 \u00a0<a href=\"http:\/\/museipiemonte.cultura.gov.it\/index.php\/musei-e-luoghi-della-cultura\/castello-di-serralunga\/castello-di-serralunga-immagini-e-video\/\">Immagini e video<\/a> \u00a0 \u00a0| \u00a0 \u00a0<a href=\"http:\/\/museipiemonte.cultura.gov.it\/index.php\/musei-e-luoghi-della-cultura\/castello-di-serralunga\/castello-di-serralunga-staff\/\">Staff<\/a> \u00a0 \u00a0| \u00a0 \u00a0<a href=\"http:\/\/museipiemonte.cultura.gov.it\/index.php\/musei-e-luoghi-della-cultura\/castello-di-serralunga\/castello-di-serralunga-contatti\/\">Contatti<\/a>\u00a0 \u00a0 | \u00a0 \u00a0<a href=\"http:\/\/museipiemonte.cultura.gov.it\/index.php\/category\/castello-di-serralunga\/\">News<\/a><\/p>\n<p style=\"text-align: center;\"><img loading=\"lazy\" decoding=\"async\" class=\"alignnone size-full wp-image-164\" src=\"http:\/\/museipiemonte.cultura.gov.it\/wp-content\/uploads\/2015\/11\/hr2.png\" alt=\"hr2\" width=\"164\" height=\"50\" \/><\/p>\n<p style=\"text-align: left;\"><strong><em>Orari<\/em><\/strong><\/p>\n<p>Marzo e aprile: sabato, domenica e festivi dalle 10.30 alle 13.30 e dalle 14.30 alle 18.30<br \/>\nDa maggio ad ottobre: gioved\u00ec pomeriggio dalle 14.30 alle 18.30; venerd\u00ec, sabato, domenica, luned\u00ec e festivi dalle 10.30\u00a0alle 13.30 e dalle 14.30 alle 18.30<br \/>\nDal 1 al 15 novembre: gioved\u00ec dalle 14.30 alle\u00a0 17.30; venerd\u00ec, sabato, domenica, luned\u00ec e festivi dalle 10.30 alle 13.30 e dalle 14.30 alle 17.30<br \/>\nDal 16 al 30 novembre: sabato e domenica dalle 10.30 alle 13.30 e dalle 14.30 alle 17.30<br \/>\nDicembre: 5, 6, 8, 26, 27 dalle 10.30 alle 13.30 e dalle 14.30 alle 17.30<\/p>\n<p>Ingresso in gruppi da max 25 persone con visita guidata della durata di circa 45 minuti.<\/p>\n<p>Visite alle\u00a010.30, 11.15, 12, 12.45,\u00a014.30, 15.15, 16, 16.45, 17.30 (ultimo ingresso alle 17.30 fino al 31 ottobre e alle 16.45 da novembre).<\/p>\n<p>Prenotazione consigliata: <a href=\"mailto:info@castellodiserralunga.it\" target=\"_blank\" rel=\"noopener\">info@castellodiserralunga.it<\/a>\u00a0(prenotazione da effettuarsi entro le 18.00 ore del giorno precedente la visita, dopo tale orario qualsiasi email inviata per richiedere la prenotazione non sar\u00e0 presa in considerazione per motivi organizzativi).<\/p>\n<p>Per il dettaglio completo di info e tariffe di ingresso: <a href=\"https:\/\/www.castellodiserralunga.it\/\" target=\"_blank\" rel=\"noopener\">www.castellodiserralunga.it<\/a><\/p>\n<p><img loading=\"lazy\" decoding=\"async\" class=\"alignnone wp-image-157 size-full\" src=\"http:\/\/museipiemonte.cultura.gov.it\/wp-content\/uploads\/2015\/11\/hr.png\" alt=\"\" width=\"50\" height=\"50\" \/><\/p>\n<p style=\"text-align: left;\"><strong><em>Biglietti<\/em><\/strong><\/p>\n<p style=\"text-align: left;\">Il Castello \u00e8 accessibile solo con visita guidata<\/p>\n<p>Prezzi visita guidata:<br \/>\nIntero 6,00 Euro<br \/>\nRidotto 3,00 Euro (possessori Torino+Piemonte Card)<br \/>\nulteriori riduzioni e gratuit\u00e0 in base a disposizioni di legge e convenzioni (<a href=\"https:\/\/www.castellodiserralunga.it\/it\/visite.php\" target=\"_blank\" rel=\"noopener\">https:\/\/www.castellodiserralunga.it\/it\/visite.php<\/a>)<\/p>\n<p>In occasione delle prime domeniche del mese, il costo della visita guidata \u00e8 di 4,00 euro per l&#8217;intero e 2,00 Euro per il ridotto per la fascia di et\u00e0 18-25 anni.<\/p>\n<p>Gratuito per:<br \/>\ndocenti delle scuole italiane pubbliche e private paritarie con presentazione della certificazione del proprio stato di docente (scarica il modello <a href=\"http:\/\/museipiemonte.cultura.gov.it\/wp-content\/uploads\/2017\/03\/certif-docenti.pdf\" target=\"_blank\" rel=\"noopener\"><img loading=\"lazy\" decoding=\"async\" class=\"alignnone wp-image-460\" src=\"http:\/\/museipiemonte.cultura.gov.it\/wp-content\/uploads\/2015\/12\/pdf.png\" alt=\"pdf\" width=\"20\" height=\"20\" srcset=\"https:\/\/museipiemonte.cultura.gov.it\/wp-content\/uploads\/2015\/12\/pdf.png 225w, https:\/\/museipiemonte.cultura.gov.it\/wp-content\/uploads\/2015\/12\/pdf-150x150.png 150w\" sizes=\"auto, (max-width: 20px) 100vw, 20px\" \/><\/a>\u00a0<a href=\"http:\/\/museipiemonte.cultura.gov.it\/wp-content\/uploads\/2017\/03\/certif-docenti.pdf\">certificazione docenti<\/a>)<br \/>\nstudenti delle facolt\u00e0 di Architettura, Lettere e Filosofia;<br \/>\ntitolari dell\u2019Abbonamento Musei Torino Piemonte;<br \/>\npersonale Ministero della Cultura;<br \/>\nmembri ICOM;<br \/>\ngiornalisti muniti di tessera professionale;<br \/>\npersone con disabilit\u00e0 e relativi accompagnatori.<\/p>\n<p>Info gruppi e prenotazioni: Barolo &amp; Castles Foundation &#8211;\u00a00173 613358 &#8211; <a href=\"mailto:info@castellodiserralunga.it\" target=\"_blank\" rel=\"noopener\">info@castellodiserralunga.it<\/a> &#8211; <a href=\"http:\/\/www.castellodiserralunga.it\" target=\"_blank\" rel=\"noopener\">www.castellodiserralunga.it<\/a><\/p>\n<p style=\"text-align: left;\"><img loading=\"lazy\" decoding=\"async\" class=\"alignnone wp-image-157 size-full\" src=\"http:\/\/museipiemonte.cultura.gov.it\/wp-content\/uploads\/2015\/11\/hr.png\" alt=\"\" width=\"50\" height=\"50\" \/><\/p>\n<p style=\"text-align: left;\"><strong><em>Dove siamo<\/em><\/strong><\/p>\n<p style=\"text-align: left;\"><iframe loading=\"lazy\" style=\"border: 0;\" src=\"https:\/\/www.google.com\/maps\/embed?pb=!1m18!1m12!1m3!1d2840.327676624893!2d7.997985214988152!3d44.6107748980014!2m3!1f0!2f0!3f0!3m2!1i1024!2i768!4f13.1!3m3!1m2!1s0x12d2b1aa4fd5ace9%3A0xd89ecb3d04ff9561!2sCastello+di+Serralunga+D'Alba!5e0!3m2!1sit!2sit!4v1449420937934\" width=\"600\" height=\"300\" frameborder=\"0\" allowfullscreen=\"allowfullscreen\"><\/iframe><\/p>\n<p style=\"text-align: left;\">Castello di\u00a0Serralunga<br \/>\nVia del Castello, 1<br \/>\n12050\u00a0Serralunga d&#8217;Alba\u00a0(CN)<\/p>\n<p style=\"text-align: left;\"><img loading=\"lazy\" decoding=\"async\" class=\"alignnone wp-image-157 size-full\" src=\"http:\/\/museipiemonte.cultura.gov.it\/wp-content\/uploads\/2015\/11\/hr.png\" alt=\"\" width=\"50\" height=\"50\" \/><\/p>\n<p style=\"text-align: left;\"><em><strong>Come raggiungerci<\/strong><\/em><\/p>\n<p style=\"text-align: left;\">In aereo: aeroporto di Torino Caselle &#8220;Sandro Pertini&#8221; (TRN)\u00a0&#8211; info:\u00a0<a href=\"http:\/\/www.aeroportoditorino.it\/it\" target=\"_blank\" rel=\"noopener\">Sagat<\/a>\u00a0&#8211;\u00a0oppure aeroporto di Cuneo Levaldigi (CUF) &#8211; info: <a href=\"http:\/\/www.aeroporto.cuneo.it\/\" target=\"_blank\" rel=\"noopener\">Geac<\/a><br \/>\nIn treno: stazione di Bra\u00a0&#8211; linea SFM4 &#8211; info:\u00a0<a href=\"http:\/\/www.sfmtorino.it\/le-linee-sfm\/sfm4-torino-bra\/\" target=\"_blank\" rel=\"noopener\">SFM Torino<\/a><br \/>\nIn autobus: linea 2172\u00a0Alba-Serralunga &#8211; info:\u00a0<a href=\"http:\/\/www.gtt.to.it\/cms\/percorari\/urbano?view=percorsi&amp;bacino=E&amp;linea=2172&amp;Regol=OR\" target=\"_blank\" rel=\"noopener\">SFM Torino<\/a><br \/>\nIn auto, da autostrada A33: fino al termine dell&#8217;autostrada\u00a0nei pressi di Alba &#8211; proseguire in direzione Gallo, poi Serralunga &#8211;\u00a0<a href=\"https:\/\/goo.gl\/maps\/piyPsDZbsRt\" target=\"_blank\" rel=\"noopener\">vedi sulla mappa<br \/>\n<\/a>In auto, da autostrada A6, provenendo da Torino: uscita Marene, poi uscita Bra-Marene\u00a0&#8211; proseguire in direzione Roddi, poi Gallo, poi Serralunga &#8211;\u00a0<a href=\"https:\/\/goo.gl\/maps\/z7Zv6GEJMeu\" target=\"_blank\" rel=\"noopener\">vedi sulla mappa<br \/>\n<\/a>In auto, da autostrada A6, provenendo da Savona\/Cuneo: uscita Carr\u00f9\u00a0&#8211; proseguire in direzione Dogliani, poi Serralunga &#8211;\u00a0<a href=\"https:\/\/goo.gl\/maps\/W19EA2t8RXH2\" target=\"_blank\" rel=\"noopener\">vedi sulla mappa<\/a><\/p>\n<p style=\"text-align: left;\"><em><strong>Parcheggi nelle vicinanze<\/strong><\/em><\/p>\n<p>Parcheggi a raso nelle vie limitrofe<\/p>\n<p><img loading=\"lazy\" decoding=\"async\" class=\"alignnone wp-image-157 size-full\" src=\"http:\/\/museipiemonte.cultura.gov.it\/wp-content\/uploads\/2015\/11\/hr.png\" alt=\"\" width=\"50\" height=\"50\" \/><\/p>\n<p><strong><em>Servizi<\/em><br \/>\n<\/strong><\/p>\n<p><em>Accesso disabili<\/em><br \/>\nIl Castello non \u00e8 visitabile dai disabili motori per la presenza di barriere architettoniche attualmente non superabili. Gli stessi\u00a0possono raggiungere l\u2019ingresso del castello in automobile per una visita al cortile esterno.<\/p>\n<p><em>Audioguide<\/em><br \/>\nNon disponibili<\/p>\n<p><em>Guardaroba<\/em><br \/>\nNon disponibile<\/p>\n<p><em>Bookshop<br \/>\n<\/em>Presente<\/p>\n<p><a href=\"http:\/\/museipiemonte.cultura.gov.it\/wp-content\/uploads\/2020\/12\/Castello-di-Serralunga-Carta-dei-Servizi.pdf\" target=\"_blank\" rel=\"noopener\"><img loading=\"lazy\" decoding=\"async\" class=\"alignnone wp-image-460\" src=\"http:\/\/museipiemonte.cultura.gov.it\/wp-content\/uploads\/2015\/12\/pdf.png\" alt=\"pdf\" width=\"20\" height=\"20\" srcset=\"https:\/\/museipiemonte.cultura.gov.it\/wp-content\/uploads\/2015\/12\/pdf.png 225w, https:\/\/museipiemonte.cultura.gov.it\/wp-content\/uploads\/2015\/12\/pdf-150x150.png 150w\" sizes=\"auto, (max-width: 20px) 100vw, 20px\" \/><\/a>\u00a0\u00a0<a href=\"http:\/\/museipiemonte.cultura.gov.it\/wp-content\/uploads\/2020\/12\/Castello-di-Serralunga-Carta-dei-Servizi.pdf\" target=\"_blank\" rel=\"noopener\">Carta servizi &#8211;\u00a0Castello di Serralunga<\/a><\/p>\n<p>&nbsp;<\/p>\n<p><a href=\"http:\/\/www.barolofoundation.it\/it\/\" target=\"_blank\" rel=\"noopener\"><img loading=\"lazy\" decoding=\"async\" class=\"alignnone wp-image-693\" src=\"http:\/\/museipiemonte.cultura.gov.it\/wp-content\/uploads\/2016\/04\/logo-barolo-castles-foundation.png\" alt=\"logo-barolo-castles-foundation\" width=\"89\" height=\"63\" \/><\/a><\/p>\n","protected":false},"excerpt":{"rendered":"<p>Storia \u00a0 \u00a0| \u00a0 \u00a0Visita il Castello di Serralunga\u00a0 \u00a0 | \u00a0 \u00a0Immagini e video \u00a0 \u00a0| \u00a0 \u00a0Staff \u00a0 \u00a0| \u00a0 \u00a0Contatti\u00a0 \u00a0 | \u00a0 \u00a0News Orari Marzo e aprile: sabato, domenica e festivi [&hellip;]<\/p>\n","protected":false},"author":1,"featured_media":0,"parent":59,"menu_order":1,"comment_status":"closed","ping_status":"closed","template":"page-templates\/page_fullwidth.php","meta":{"footnotes":""},"class_list":["post-298","page","type-page","status-publish","hentry"],"_links":{"self":[{"href":"https:\/\/museipiemonte.cultura.gov.it\/index.php\/wp-json\/wp\/v2\/pages\/298","targetHints":{"allow":["GET"]}}],"collection":[{"href":"https:\/\/museipiemonte.cultura.gov.it\/index.php\/wp-json\/wp\/v2\/pages"}],"about":[{"href":"https:\/\/museipiemonte.cultura.gov.it\/index.php\/wp-json\/wp\/v2\/types\/page"}],"author":[{"embeddable":true,"href":"https:\/\/museipiemonte.cultura.gov.it\/index.php\/wp-json\/wp\/v2\/users\/1"}],"replies":[{"embeddable":true,"href":"https:\/\/museipiemonte.cultura.gov.it\/index.php\/wp-json\/wp\/v2\/comments?post=298"}],"version-history":[{"count":190,"href":"https:\/\/museipiemonte.cultura.gov.it\/index.php\/wp-json\/wp\/v2\/pages\/298\/revisions"}],"predecessor-version":[{"id":14172,"href":"https:\/\/museipiemonte.cultura.gov.it\/index.php\/wp-json\/wp\/v2\/pages\/298\/revisions\/14172"}],"up":[{"embeddable":true,"href":"https:\/\/museipiemonte.cultura.gov.it\/index.php\/wp-json\/wp\/v2\/pages\/59"}],"wp:attachment":[{"href":"https:\/\/museipiemonte.cultura.gov.it\/index.php\/wp-json\/wp\/v2\/media?parent=298"}],"curies":[{"name":"wp","href":"https:\/\/api.w.org\/{rel}","templated":true}]}}