{"id":45,"date":"2015-11-20T19:50:26","date_gmt":"2015-11-20T19:50:26","guid":{"rendered":"http:\/\/museipiemonte.cultura.gov.it\/?page_id=45"},"modified":"2024-02-07T11:04:23","modified_gmt":"2024-02-07T10:04:23","slug":"la-direzione-regionale-musei-piemonte","status":"publish","type":"page","link":"https:\/\/museipiemonte.cultura.gov.it\/index.php\/la-direzione-regionale-musei-piemonte\/","title":{"rendered":"La Direzione regionale Musei Piemonte"},"content":{"rendered":"<p style=\"text-align: center;\"><strong>La Direzione regionale Musei<\/strong>\u00a0 \u00a0 | \u00a0 \u00a0<a href=\"http:\/\/museipiemonte.cultura.gov.it\/index.php\/il-polo-museale-del-piemonte\/staff\/\">Organizzazione uffici<\/a>\u00a0 \u00a0 \u00a0|\u00a0 \u00a0\u00a0<a href=\"http:\/\/museipiemonte.cultura.gov.it\/index.php\/la-direzione-regionale-musei-piemonte\/laboratorio-di-restauro\/\">Laboratorio di restauro<\/a>\u00a0 \u00a0 |\u00a0 \u00a0\u00a0<a href=\"http:\/\/museipiemonte.cultura.gov.it\/index.php\/contatti\/\">Contatti<\/a><\/p>\n<p>&nbsp;<\/p>\n<p style=\"text-align: center;\"><img loading=\"lazy\" decoding=\"async\" class=\"wp-image-6555 alignnone\" src=\"http:\/\/museipiemonte.cultura.gov.it\/wp-content\/uploads\/2016\/06\/DRMPIE-logo-orizzontale-blu-png-1000-e1614853776895-500x228.png\" alt=\"\" width=\"301\" height=\"137\" srcset=\"https:\/\/museipiemonte.cultura.gov.it\/wp-content\/uploads\/2016\/06\/DRMPIE-logo-orizzontale-blu-png-1000-e1614853776895-500x228.png 500w, https:\/\/museipiemonte.cultura.gov.it\/wp-content\/uploads\/2016\/06\/DRMPIE-logo-orizzontale-blu-png-1000-e1614853776895-830x378.png 830w, https:\/\/museipiemonte.cultura.gov.it\/wp-content\/uploads\/2016\/06\/DRMPIE-logo-orizzontale-blu-png-1000-e1614853776895-230x105.png 230w, https:\/\/museipiemonte.cultura.gov.it\/wp-content\/uploads\/2016\/06\/DRMPIE-logo-orizzontale-blu-png-1000-e1614853776895-350x159.png 350w, https:\/\/museipiemonte.cultura.gov.it\/wp-content\/uploads\/2016\/06\/DRMPIE-logo-orizzontale-blu-png-1000-e1614853776895.png 857w\" sizes=\"auto, (max-width: 301px) 100vw, 301px\" \/><\/p>\n<p>&nbsp;<\/p>\n<p style=\"text-align: left;\">La <strong>Direzione regionale Musei<\/strong><strong>\u00a0Piemonte<\/strong> \u00e8 un organo periferico del <a href=\"http:\/\/www.beniculturali.it\" target=\"_blank\">Ministero della cultura<\/a>, istituito in base al <a href=\"https:\/\/www.gazzettaufficiale.it\/eli\/id\/2020\/01\/21\/20G00006\/sg\" target=\"_blank\">D.P.C.M. 2 dicembre 2019, n. 169<\/a>,\u00a0in vigore dal 5 febbraio 2020. Ha ereditato le competenze del preesistente Polo Museale del Piemonte, organo periferico istituito con\u00a0<a href=\"http:\/\/www.normattiva.it\/uri-res\/N2Ls?urn:nir:stato:decreto.del.presidente.del.consiglio.dei.ministri:2014-08-29;171\" target=\"_blank\">D.P.C.M. 29 agosto 2014, n. 171<\/a>, nell&#8217;ambito della riforma cos\u00ec promossa dal ministro Dario Franceschini.<br \/>\nLa Direzione regionale Musei, ufficio di livello dirigenziale non generale, \u00e8 articolazione periferica della <a href=\"http:\/\/musei.beniculturali.it\/\" target=\"_blank\">Direzione generale Musei<\/a>. Assicura sul territorio l&#8217;espletamento del servizio pubblico di fruizione e di valorizzazione degli istituti e dei luoghi della cultura in consegna allo Stato o allo Stato comunque affidati in gestione, provvedendo a definire strategie e obiettivi comuni di valorizzazione, in rapporto all&#8217;ambito territoriale di competenza, e promuovono l&#8217;integrazione dei percorsi culturali di fruizione e dei conseguenti itinerari turistico-culturali.<br \/>\nLa Direzione regionale Musei valorizza, promuove e rende fruibili alla collettivit\u00e0 il patrimonio culturale dei musei e luoghi della cultura ad essa affidati e ne cura le attivit\u00e0 di gestione e funzionamento che vi sono correlate. Valorizza i beni culturali delle collezioni museali di competenza tramite l\u2019organizzazione di mostre e il prestito di opere ad altri enti, nonch\u00e9 promuove attivit\u00e0 di studio e ricerca. Intrattiene rapporti di collaborazione con le altre realt\u00e0 territoriali per valorizzare i contesti culturali, organizzando eventi e iniziative volte a migliorare la qualit\u00e0 dei servizi offerti ai cittadini, dando ampia visibilit\u00e0 a tali attivit\u00e0. Si occupa della salvaguardia dei beni in consegna, attraverso attivit\u00e0 di restauro. Al fine di promuovere lo sviluppo della cultura svolge attivit\u00e0 educative rivolte a istituti scolastici di ogni ordine e grado con una serie di proposte che comprendono percorsi di visita e laboratori ludico-creativi, rinnovando ogni anno l\u2019offerta formativa, e ospitando, inoltre studenti universitari impegnati in tirocini curriculari afferenti a diversi ambiti disciplinari. la Direzione regionale Musei cura anche le comunicazioni e i rapporti con gli altri enti titolari dei complessi monumentali compresi nel sito seriale \u201cResidenze Sabaude\u201d e monitora e gestisce i progetti finanziati tramite i fondi L. 77\/2006.<br \/>\nInoltre la Direzione regionale Musei mette a disposizione le proprie competenze e professionalit\u00e0 al fine di offrire al pubblico attivit\u00e0 culturali ed espositive, servizi di accoglienza ed educativi di qualit\u00e0 e opera per garantire la ricerca, le attivit\u00e0 di catalogazione, studio e restauro, nonch\u00e9 la diffusione delle conoscenze riguardanti il patrimonio culturale di competenza, promuovendo la condivisione dei risultati ottenuti anche attraverso l\u2019impiego di nuove tecnologie e degli strumenti offerti dalla comunicazione digitale. Favorisce la collaborazione con altre realt\u00e0 territoriali per la definizione di programmi e piani strategici di sviluppo culturale del territorio per migliorare la qualit\u00e0 dei servizi e assicurare un\u2019offerta culturale integrata.<\/p>\n<p style=\"text-align: left;\">La Direzione regionale Musei Piemonte ha sede all\u2019interno di <strong>Palazzo Carignano<\/strong>, in via Accademia delle Scienze, 5 &#8211; Torino.<br \/>\nAd essa afferiscono <b>12<\/b>\u00a0musei e luoghi della cultura:<\/p>\n<p style=\"text-align: left;\"><a href=\"http:\/\/museipiemonte.cultura.gov.it\/index.php\/musei-e-luoghi-della-cultura\/palazzo-carignano\/\">Palazzo Carignano<\/a> &#8211; Torino<br \/>\n<a href=\"http:\/\/museipiemonte.cultura.gov.it\/index.php\/musei-e-luoghi-della-cultura\/villa-della-regina\/\">Villa della Regina<\/a> &#8211; Torino<br \/>\n<a href=\"http:\/\/museipiemonte.cultura.gov.it\/index.php\/musei-e-luoghi-della-cultura\/castello-di-racconigi\/\">Complesso monumentale del Castello e parco di Racconigi<\/a> &#8211; Racconigi (CN)<br \/>\n<a href=\"http:\/\/museipiemonte.cultura.gov.it\/index.php\/musei-e-luoghi-della-cultura\/castello-di-aglie\/\">Complesso monumentale del Castello ducale, del giardino e parco di Agli\u00e8<\/a> &#8211; Agli\u00e8 (TO)<br \/>\n<a href=\"http:\/\/museipiemonte.cultura.gov.it\/index.php\/musei-e-luoghi-della-cultura\/castello-di-moncalieri\/\">Castello di Moncalieri<\/a> &#8211; Moncalieri (TO)<br \/>\n<a href=\"http:\/\/museipiemonte.cultura.gov.it\/index.php\/musei-e-luoghi-della-cultura\/castello-di-serralunga\/\">Castello di Serralunga<\/a> &#8211; Serralunga d&#8217;Alba (CN)<br \/>\n<a href=\"http:\/\/museipiemonte.cultura.gov.it\/index.php\/musei-e-luoghi-della-cultura\/forte-di-gavi\/\">Forte di Gavi<\/a> &#8211; Gavi (AL)<br \/>\n<a href=\"http:\/\/museipiemonte.cultura.gov.it\/index.php\/musei-e-luoghi-della-cultura\/abbazia-di-vezzolano\/\">Abbazia di Vezzolano<\/a> &#8211; Albugnano (AT)<br \/>\n<a href=\"http:\/\/museipiemonte.cultura.gov.it\/index.php\/musei-e-luoghi-della-cultura\/abbazia-di-fruttuaria\/\">Abbazia di Fruttuaria<\/a> &#8211; San Benigno Canavese (TO)<br \/>\n<a href=\"http:\/\/museipiemonte.cultura.gov.it\/index.php\/musei-e-luoghi-della-cultura\/area-archeologica-di-bene-vagienna\/\">Area Archeologica di Augusta Bagiennorum<\/a> &#8211; Bene Vagienna (CN)<br \/>\n<a href=\"http:\/\/museipiemonte.cultura.gov.it\/index.php\/musei-e-luoghi-della-cultura\/area-archeologica-di-industria\/\">Area Archeologica della citt\u00e0 romana di Industria<\/a> &#8211; Monteu da Po (TO)<br \/>\n<a href=\"http:\/\/museipiemonte.cultura.gov.it\/index.php\/musei-e-luoghi-della-cultura\/area-archeologica-di-libarna\/\">Area Archeologica di Libarna<\/a> &#8211; Serravalle Scrivia (AL)<\/p>\n","protected":false},"excerpt":{"rendered":"<p>La Direzione regionale Musei\u00a0 \u00a0 | \u00a0 \u00a0Organizzazione uffici\u00a0 \u00a0 \u00a0|\u00a0 \u00a0\u00a0Laboratorio di restauro\u00a0 \u00a0 |\u00a0 \u00a0\u00a0Contatti &nbsp; &nbsp; La Direzione regionale Musei\u00a0Piemonte \u00e8 un organo periferico del Ministero della cultura, istituito in base al [&hellip;]<\/p>\n","protected":false},"author":1,"featured_media":0,"parent":0,"menu_order":0,"comment_status":"closed","ping_status":"closed","template":"page-templates\/page_fullwidth.php","meta":{"footnotes":""},"class_list":["post-45","page","type-page","status-publish","hentry"],"_links":{"self":[{"href":"https:\/\/museipiemonte.cultura.gov.it\/index.php\/wp-json\/wp\/v2\/pages\/45","targetHints":{"allow":["GET"]}}],"collection":[{"href":"https:\/\/museipiemonte.cultura.gov.it\/index.php\/wp-json\/wp\/v2\/pages"}],"about":[{"href":"https:\/\/museipiemonte.cultura.gov.it\/index.php\/wp-json\/wp\/v2\/types\/page"}],"author":[{"embeddable":true,"href":"https:\/\/museipiemonte.cultura.gov.it\/index.php\/wp-json\/wp\/v2\/users\/1"}],"replies":[{"embeddable":true,"href":"https:\/\/museipiemonte.cultura.gov.it\/index.php\/wp-json\/wp\/v2\/comments?post=45"}],"version-history":[{"count":31,"href":"https:\/\/museipiemonte.cultura.gov.it\/index.php\/wp-json\/wp\/v2\/pages\/45\/revisions"}],"predecessor-version":[{"id":10510,"href":"https:\/\/museipiemonte.cultura.gov.it\/index.php\/wp-json\/wp\/v2\/pages\/45\/revisions\/10510"}],"wp:attachment":[{"href":"https:\/\/museipiemonte.cultura.gov.it\/index.php\/wp-json\/wp\/v2\/media?parent=45"}],"curies":[{"name":"wp","href":"https:\/\/api.w.org\/{rel}","templated":true}]}}