{"id":5870,"date":"2020-10-30T14:50:52","date_gmt":"2020-10-30T13:50:52","guid":{"rendered":"http:\/\/museipiemonte.cultura.gov.it\/?page_id=5870"},"modified":"2021-03-04T11:59:04","modified_gmt":"2021-03-04T10:59:04","slug":"laboratorio-di-restauro","status":"publish","type":"page","link":"https:\/\/museipiemonte.cultura.gov.it\/index.php\/la-direzione-regionale-musei-piemonte\/laboratorio-di-restauro\/","title":{"rendered":"Laboratorio di restauro"},"content":{"rendered":"<p style=\"text-align: center;\"><a href=\"http:\/\/museipiemonte.cultura.gov.it\/index.php\/la-direzione-regionale-musei-piemonte\/\" target=\"_blank\">La Direzione regionale Musei<\/a>\u00a0 \u00a0 |\u00a0 \u00a0\u00a0<a href=\"http:\/\/museipiemonte.cultura.gov.it\/index.php\/la-direzione-regionale-musei-piemonte\/staff\/\">Organizzazione uffici<\/a>\u00a0 \u00a0 |\u00a0 \u00a0\u00a0<strong>Laboratorio di restauro<\/strong>\u00a0 \u00a0 | \u00a0 \u00a0<a href=\"http:\/\/museipiemonte.cultura.gov.it\/index.php\/contatti\/\">Contatti<\/a><\/p>\n<p style=\"text-align: center;\"><img loading=\"lazy\" decoding=\"async\" class=\"alignnone size-full wp-image-164\" src=\"http:\/\/museipiemonte.cultura.gov.it\/wp-content\/uploads\/2015\/11\/hr2.png\" alt=\"hr2\" width=\"164\" height=\"50\" \/><\/p>\n<p><strong>Laboratorio di restauro <\/strong><\/p>\n<p>Situato al piano terreno di Palazzo Carignano, nell\u2019ala degli uffici della Direzione regionale Musei, il Laboratorio di restauro, adattato nel tempo alle esigenze di una professione sempre pi\u00f9 tecnologica, si presenta oggi caratterizzato dalla ristrutturazione compiuta nel 2006 per rispondere alla normativa in materia di sicurezza, nonch\u00e9 alle logiche di una pi\u00f9 aggiornata organizzazione del lavoro. Le sue origini risalgono per\u00f2 agli anni Quaranta del Novecento, periodo in cui le vicende belliche avevano portato drammaticamente alla ribalta i temi del ricovero e della conservazione delle opere. Previsto inizialmente come spazio messo a disposizione di maestranze esterne, il Laboratorio fu progressivamente dotato di personale stabile: la prima assunzione di un restauratore tramite concorso pubblico avvenne nel 1953 e un gruppo interno di professionisti and\u00f2 articolandosi tra la met\u00e0 degli anni Cinquanta e gli anni Settanta del Novecento, con un ulteriore incremento nel decennio successivo.<br \/>\nAll\u2019interno del Laboratorio i funzionari restauratori effettuano interventi per il recupero di opere e manufatti facenti parte delle ricche collezioni in consegna alla Direzione regionale Musei del Piemonte, quando non sussistono le condizioni per procedere direttamente nelle sedi museali. Queste sale dispongono di strumentazioni adeguate, oltrech\u00e9 di un sistema di controllo del microclima interno e di attrezzature per intervenire su differenti tipologie, anche di grande formato. Qui si compiono gli studi e le analisi che precedono il lavoro diretto sulle opere e rendono il restauro un prezioso momento di conoscenza, anche attraverso il confronto tra figure professionali diverse, quali storici dell\u2019arte, architetti ed esperti di diagnostica, affinch\u00e9 siano scelte e messe a punto le pi\u00f9 idonee metodologie di intervento. Inoltre i restauratori eseguono abitualmente azioni di pronto intervento <em>in situ<\/em>, monitoraggi microclimatici, pratiche di manutenzione e progettano interventi pilota per casi di particolare rilievo.<br \/>\nNel mese di ottobre 2020, il Laboratorio \u00e8 stato aperto al pubblico con l\u2019iniziativa <em>Nel cuore del patrimonio<\/em>, un programma di visite guidate condotte dai restauratori alla scoperta di una realt\u00e0 poco nota al di fuori dei circuiti degli addetti ai lavori, un\u2019opportunit\u00e0 di approfondimento per focalizzare l\u2019importanza delle attivit\u00e0 di cura finalizzate alla conservazione del patrimonio culturale.<\/p>\n<p>&nbsp;<\/p>\n<p><strong>STAFF<br \/>\n<\/strong><\/p>\n<p><strong>Roberta Bianchi<\/strong>. Dal 2012 responsabile del Laboratorio di restauro e coordinatrice delle attivit\u00e0, ha compiuto la sua formazione tra il 1982 e il 1986 presso l\u2019Istituto Centrale per il Restauro di Roma nel settore dipinti con perfezionamento sui materiali lapidei. \u00c8 funzionario restauratore del Ministero\u00a0dal 1991 e precedentemente ha svolto la libera professione collaborando con enti pubblici.<\/p>\n<p><strong>Giulia Comello. <\/strong>Si \u00e8 laureata nel 2012 presso l\u2019Universit\u00e0 degli Studi di Torino in Conservazione e Restauro dei Beni Culturali, con indirizzo in materiali lapidei e derivati, superfici decorate dell\u2019architettura. Prima di essere assunta come funzionario restauratore al Ministero, ha condotto attivit\u00e0 di assistenza alla docenza e di libera professione collaborando con enti pubblici e privati del territorio.<\/p>\n<p><strong>Giuseppe Milazzo. <\/strong>Si \u00e8 laureato nel 2013 presso l\u2019Universit\u00e0 degli Studi di Palermo in Conservazione e Restauro dei Beni Culturali, con indirizzo in materiali lapidei e derivati, superfici decorate dell\u2019architettura. Ha svolto anche uno <em>stage<\/em> formativo presso l\u2019Opificio delle Pietre Dure di Firenze. Prima di essere assunto come funzionario restauratore al Ministero, ha svolto la libera professione, ricerca in ambito accademico, attivit\u00e0 di docenza universitaria e cooperazione internazionale con l\u2019UNESCO.<\/p>\n<p>&nbsp;<\/p>\n<div style=\"width: 500px;\" class=\"wp-video\"><video class=\"wp-video-shortcode\" id=\"video-5870-1\" width=\"500\" height=\"282\" preload=\"metadata\" controls=\"controls\"><source type=\"video\/mp4\" src=\"http:\/\/museipiemonte.cultura.gov.it\/wp-content\/uploads\/2020\/11\/video-laboratorio.mp4?_=1\" \/><a href=\"http:\/\/museipiemonte.cultura.gov.it\/wp-content\/uploads\/2020\/11\/video-laboratorio.mp4\">http:\/\/museipiemonte.cultura.gov.it\/wp-content\/uploads\/2020\/11\/video-laboratorio.mp4<\/a><\/video><\/div>\n<p>&nbsp;<\/p>\n<p><img loading=\"lazy\" decoding=\"async\" class=\"alignnone size-medium wp-image-5873\" src=\"http:\/\/museipiemonte.cultura.gov.it\/wp-content\/uploads\/2020\/10\/Laboratorio-di-restauro-di-Palazzo-Carignano-500x375.jpg\" alt=\"Laboratorio di restauro di Palazzo Carignano\" width=\"500\" height=\"375\" srcset=\"https:\/\/museipiemonte.cultura.gov.it\/wp-content\/uploads\/2020\/10\/Laboratorio-di-restauro-di-Palazzo-Carignano-500x375.jpg 500w, https:\/\/museipiemonte.cultura.gov.it\/wp-content\/uploads\/2020\/10\/Laboratorio-di-restauro-di-Palazzo-Carignano-1024x768.jpg 1024w, https:\/\/museipiemonte.cultura.gov.it\/wp-content\/uploads\/2020\/10\/Laboratorio-di-restauro-di-Palazzo-Carignano-830x623.jpg 830w, https:\/\/museipiemonte.cultura.gov.it\/wp-content\/uploads\/2020\/10\/Laboratorio-di-restauro-di-Palazzo-Carignano-230x173.jpg 230w, https:\/\/museipiemonte.cultura.gov.it\/wp-content\/uploads\/2020\/10\/Laboratorio-di-restauro-di-Palazzo-Carignano-350x263.jpg 350w\" sizes=\"auto, (max-width: 500px) 100vw, 500px\" \/><\/p>\n<p><img loading=\"lazy\" decoding=\"async\" class=\"alignnone size-medium wp-image-5874\" src=\"http:\/\/museipiemonte.cultura.gov.it\/wp-content\/uploads\/2020\/10\/Funzionari-restauratori-Giulia-Comello-Giuseppe-Milazzo-Roberta-Bianchi-500x333.jpg\" alt=\"Funzionari restauratori Giulia Comello, Giuseppe Milazzo, Roberta Bianchi\" width=\"500\" height=\"333\" srcset=\"https:\/\/museipiemonte.cultura.gov.it\/wp-content\/uploads\/2020\/10\/Funzionari-restauratori-Giulia-Comello-Giuseppe-Milazzo-Roberta-Bianchi-500x333.jpg 500w, https:\/\/museipiemonte.cultura.gov.it\/wp-content\/uploads\/2020\/10\/Funzionari-restauratori-Giulia-Comello-Giuseppe-Milazzo-Roberta-Bianchi-1024x682.jpg 1024w, https:\/\/museipiemonte.cultura.gov.it\/wp-content\/uploads\/2020\/10\/Funzionari-restauratori-Giulia-Comello-Giuseppe-Milazzo-Roberta-Bianchi-830x553.jpg 830w, https:\/\/museipiemonte.cultura.gov.it\/wp-content\/uploads\/2020\/10\/Funzionari-restauratori-Giulia-Comello-Giuseppe-Milazzo-Roberta-Bianchi-230x153.jpg 230w, https:\/\/museipiemonte.cultura.gov.it\/wp-content\/uploads\/2020\/10\/Funzionari-restauratori-Giulia-Comello-Giuseppe-Milazzo-Roberta-Bianchi-350x233.jpg 350w, https:\/\/museipiemonte.cultura.gov.it\/wp-content\/uploads\/2020\/10\/Funzionari-restauratori-Giulia-Comello-Giuseppe-Milazzo-Roberta-Bianchi.jpg 1600w\" sizes=\"auto, (max-width: 500px) 100vw, 500px\" \/><\/p>\n","protected":false},"excerpt":{"rendered":"<p>La Direzione regionale Musei\u00a0 \u00a0 |\u00a0 \u00a0\u00a0Organizzazione uffici\u00a0 \u00a0 |\u00a0 \u00a0\u00a0Laboratorio di restauro\u00a0 \u00a0 | \u00a0 \u00a0Contatti Laboratorio di restauro Situato al piano terreno di Palazzo Carignano, nell\u2019ala degli uffici della Direzione regionale Musei, il [&hellip;]<\/p>\n","protected":false},"author":1,"featured_media":0,"parent":45,"menu_order":0,"comment_status":"closed","ping_status":"closed","template":"page-templates\/page_fullwidth.php","meta":{"footnotes":""},"class_list":["post-5870","page","type-page","status-publish","hentry"],"_links":{"self":[{"href":"https:\/\/museipiemonte.cultura.gov.it\/index.php\/wp-json\/wp\/v2\/pages\/5870","targetHints":{"allow":["GET"]}}],"collection":[{"href":"https:\/\/museipiemonte.cultura.gov.it\/index.php\/wp-json\/wp\/v2\/pages"}],"about":[{"href":"https:\/\/museipiemonte.cultura.gov.it\/index.php\/wp-json\/wp\/v2\/types\/page"}],"author":[{"embeddable":true,"href":"https:\/\/museipiemonte.cultura.gov.it\/index.php\/wp-json\/wp\/v2\/users\/1"}],"replies":[{"embeddable":true,"href":"https:\/\/museipiemonte.cultura.gov.it\/index.php\/wp-json\/wp\/v2\/comments?post=5870"}],"version-history":[{"count":6,"href":"https:\/\/museipiemonte.cultura.gov.it\/index.php\/wp-json\/wp\/v2\/pages\/5870\/revisions"}],"predecessor-version":[{"id":6567,"href":"https:\/\/museipiemonte.cultura.gov.it\/index.php\/wp-json\/wp\/v2\/pages\/5870\/revisions\/6567"}],"up":[{"embeddable":true,"href":"https:\/\/museipiemonte.cultura.gov.it\/index.php\/wp-json\/wp\/v2\/pages\/45"}],"wp:attachment":[{"href":"https:\/\/museipiemonte.cultura.gov.it\/index.php\/wp-json\/wp\/v2\/media?parent=5870"}],"curies":[{"name":"wp","href":"https:\/\/api.w.org\/{rel}","templated":true}]}}