{"id":6061,"date":"2020-11-27T13:22:20","date_gmt":"2020-11-27T12:22:20","guid":{"rendered":"http:\/\/museipiemonte.cultura.gov.it\/?page_id=6061"},"modified":"2026-01-09T16:29:49","modified_gmt":"2026-01-09T15:29:49","slug":"servizi-educativi","status":"publish","type":"page","link":"https:\/\/museipiemonte.cultura.gov.it\/index.php\/servizi-educativi\/","title":{"rendered":"Servizi Educativi"},"content":{"rendered":"<p><strong>Servizi Educativi<\/strong><\/p>\n<p>I Servizi Educativi della Direzione regionale Musei Piemonte propongono una vasta offerta di attivit\u00e0 didattiche, pensate in funzione delle varie fasce di et\u00e0 e di formazione del pubblico pi\u00f9 giovane.<\/p>\n<p>La proposta didattica \u00e8 sviluppata in due differenti aree: una riguarda l\u2019offerta formativa per gli studenti, l\u2019altra presenta attivit\u00e0 educative da svolgere a distanza.<\/p>\n<p>L\u2019offerta formativa \u00e8 costituita da visite guidate e laboratori ludico-creativi fruibili nelle sedi museali della Direzione regionale Musei, dove i bambini e i ragazzi, accompagnati dagli insegnanti e dagli educatori museali, hanno modo di scoprire dal vivo la straordinaria variet\u00e0 e la ricchezza delle collezioni, delle architetture e dei parchi.<\/p>\n<p><strong>Offerta formativa<\/strong><br \/>\n<a href=\"http:\/\/museipiemonte.cultura.gov.it\/wp-content\/uploads\/2025\/11\/PC_servizieducativi2025-2026.pdf\" target=\"_blank\" rel=\"noopener\">Palazzo Carignano<\/a><br \/>\n<a href=\"http:\/\/museipiemonte.cultura.gov.it\/wp-content\/uploads\/2026\/01\/brochure-offerta-formativa-Villa-della-Regina.pdf\" target=\"_blank\" rel=\"noopener\">Villa della Regina<\/a><br \/>\n<a href=\"http:\/\/museipiemonte.cultura.gov.it\/wp-content\/uploads\/2026\/01\/brochure-offerta-formativa-Castello-di-Racconigi.pdf\" target=\"_blank\" rel=\"noopener\">Castello di Racconigi<\/a><br \/>\n<a href=\"http:\/\/museipiemonte.cultura.gov.it\/wp-content\/uploads\/2025\/11\/Brochure-Sito_Aglie_20251118_Rev01.pdf\" target=\"_blank\" rel=\"noopener\">Castello di Agli\u00e8<\/a><\/p>\n<p><strong>Guide<\/strong><br \/>\n<a href=\"http:\/\/museipiemonte.cultura.gov.it\/wp-content\/uploads\/2024\/04\/Palazzo-Carignano_brochure-famiglie.pdf\" target=\"_blank\" rel=\"noopener\">Palazzo Carignano per famiglie<\/a><br \/>\n<a href=\"http:\/\/museipiemonte.cultura.gov.it\/wp-content\/uploads\/2024\/04\/Palazzo-Carignano_brochure-persone-con-disabilit\u00e0-intellettiva.pdf\" target=\"_blank\" rel=\"noopener\">Palazzo Carignano, guida facilitata a fumetti<\/a><\/p>\n<p><strong>Ufficio Servizi Educativi<\/strong><br \/>\nDott.ssa Valeria Amalfitano<br \/>\n<a href=\"mailto:valeria.amalfitano@cultura.gov.it\" target=\"_blank\" rel=\"noopener\">valeria.amalfitano@cultura.gov.it<\/a><br \/>\nTel. 011 5641724<br \/>\nDott.ssa Valentina Faudino<br \/>\n<a href=\"mailto:valentina.faudino@cultura.gov.it\" target=\"_blank\" rel=\"noopener\">valentina.faudino@cultura.gov.it<\/a><\/p>\n<p>Educatori museali:\u00a0Maria Silvia Andorno, Margherita Argentero, Stefania Beninato, Paola Bertin, Cristiano Blasi, Ermelinda Como, Francesca Coppini, Chiara De Andreis, Francesca Dellacasa, Lucia Malcangio, Enrico Manias, Andrea Masuelli, Enrica Silvia Minicucci, Maurizio Modena, Patrizia Montobbio, Alessandra Navetto, Claudia Pessino, Marco Rizzonato, Alessandro Pane, Andrea Pirone, Valeria Torazza.<\/p>\n<p><strong>Contatti per richieste\/informazioni:<br \/>\n<\/strong>Palazzo Carignano: tel. 011 5641791; e-mail <a href=\"mailto:drm-pie.palazzocarignano@cultura.gov.it\" target=\"_blank\" rel=\"noopener\">drm-pie.palazzocarignano@cultura.gov.it<\/a><strong><br \/>\n<\/strong>Villa della Regina: tel. 011 8195035; e-mail <a href=\"mailto:drm-pie.villadellaregina@cultura.gov.it\" target=\"_blank\" rel=\"noopener\">drm-pie.villadellaregina@cultura.gov.it<\/a><br \/>\nCastello di Agli\u00e9: tel. 0124 330102; e-mail <span data-olk-copy-source=\"MessageBody\"><a href=\"mailto:drm-pie.aglie.sed@cultura.gov.it\" target=\"_blank\" rel=\"noopener\">drm-pie.aglie.sed@cultura.gov.it<\/a><\/span><br \/>\nCastello di Racconigi: tel. 011 5641796; e-mail \u00a0<a href=\"mailto:drm-pie.racconigi.sed@cultura.gov.it\" target=\"_blank\" rel=\"noopener\">drm-pie.racconigi.sed@cultura.gov.it<\/a><br \/>\nForte di Gavi: tel.\u00a00143 643554; e-mail <a href=\"mailto:drm-pie.gavi@cultura.gov.it\" target=\"_blank\" rel=\"noopener\">drm-pie.gavi@cultura.gov.it<\/a><br \/>\nAbbazia di Vezzolano: Associazione Culturale La Cabalesta, tel. 011 9872463 o e-mail\u00a0<a href=\"mailto:info@lacabalesta.it\" target=\"_blank\" rel=\"noopener\">info@lacabalesta.it<\/a><br \/>\nAbbazia di Fruttuaria: Associazione Amici di Fruttuaria, tel. 011 9880487 o 338 4128795; e-mail <a href=\"mailto:no.ma@libero.it\" target=\"_blank\" rel=\"noopener\">no.ma@libero.it<br \/>\n<\/a>Area archeologica di Libarna: tel. 0143 633420; e-mail <a href=\"mailto:drm-pie.libarna@cultura.gov.it\" target=\"_blank\" rel=\"noopener\">drm-pie.libarna@cultura.gov.it<\/a><a href=\"mailto:no.ma@libero.it\" target=\"_blank\" rel=\"noopener\"><br \/>\n<\/a><\/p>\n<p><strong>Attivit\u00e0 a distanza<\/strong><br \/>\nLe attivit\u00e0 educative da svolgere a distanza, si propongono di far conoscere\u00a0in particolar modo ai pi\u00f9 piccoli, a casa con i genitori o a scuola con l&#8217;aiuto degli insegnanti, il patrimonio dei musei e dei luoghi della cultura della Direzione regionale Musei. Le architetture, le sculture, i dipinti, gli oggetti d&#8217;arte, la natura, nonch\u00e9 i personaggi che hanno contribuito all&#8217;arricchimento di questi luoghi diventano protagonisti di giochi, tutorial\u00a0per svolgere attivit\u00e0 manuali, quiz, indovinelli e schede didattiche, aggiunte, di volta in volta, nell\u2019apposita sezione.<\/p>\n<p>Il materiale proposto permette di fornire al giovane pubblico un primo approccio al museo, un incontro per iniziare a veicolare contenuti che ci auguriamo possano essere poi fruiti dal vivo mediante l&#8217;esperienza della visita in museo.<\/p>\n<p><strong>Attivit\u00e0<\/strong><\/p>\n<p><a href=\"http:\/\/museipiemonte.cultura.gov.it\/?p=8424\">Forte di Gavi &#8211; Il Forte racconta. Le pietre scritte<\/a><\/p>\n<p><a href=\"http:\/\/museipiemonte.cultura.gov.it\/?p=8152\" target=\"_blank\" rel=\"noopener\">Castello di Moncalieri &#8211; Maria Letizia a Moncalieri<\/a><\/p>\n<p><a href=\"http:\/\/museipiemonte.cultura.gov.it\/index.php\/servizi-educativi\/giornata-nazionale-del-paesaggio-il-giardino-perduto-delle-residenze-sabaude\/\" target=\"_blank\" rel=\"noopener\">Giornata Nazionale del Paesaggio \u2013 Il giardino perduto delle residenze sabaude<\/a><\/p>\n<p><a href=\"http:\/\/museipiemonte.cultura.gov.it\/index.php\/servizi-educativi\/castello-di-racconigi-principesse-ribelli\/\" target=\"_blank\" rel=\"noopener\">Castello di Racconigi &#8211; Principesse ribelli<\/a><\/p>\n<p><a href=\"http:\/\/museipiemonte.cultura.gov.it\/index.php\/servizi-educativi\/castello-di-aglie-corone-di-tutti-i-tempi\/\" target=\"_blank\" rel=\"noopener\">Castello di Agli\u00e8 &#8211; Corone di tutti i tempi<\/a><\/p>\n<p><a href=\"http:\/\/museipiemonte.cultura.gov.it\/index.php\/servizi-educativi\/castello-di-racconigi-san-valentino-2022-la-storia-di-bacco-e-arianna\/\" target=\"_blank\" rel=\"noopener\">Castello di Racconigi \u2013 San Valentino 2022. La storia di Bacco e Arianna<\/a><\/p>\n<p><a href=\"http:\/\/museipiemonte.cultura.gov.it\/index.php\/servizi-educativi\/castello-di-moncalieri-giornata-della-memoria-riflettiamo-con-i-ragazzi-per-comprendere-e-non-dimenticare\/\">Castello di Moncalieri &#8211; Giornata della Memoria. Riflettiamo con i ragazzi, per comprendere e non dimenticare<\/a><\/p>\n<p><a href=\"http:\/\/museipiemonte.cultura.gov.it\/?p=7658\">Castello di Racconigi &#8211; Entra nell&#8217;opera:\u00a0i crateri del Gabinetto etrusco<\/a><\/p>\n<p><a href=\"http:\/\/museipiemonte.cultura.gov.it\/?p=7552\" target=\"_blank\" rel=\"noopener\">Abbazia di Vezzolano &#8211; In viaggio con i re Magi<\/a><\/p>\n<p><a href=\"http:\/\/museipiemonte.cultura.gov.it\/index.php\/servizi-educativi\/castello-di-racconigi-benvenuti-nel-gabinetto-di-apollo\/\" target=\"_blank\" rel=\"noopener\">Castello di Racconigi \u2013 Benvenuti nel Gabinetto di Apollo<\/a><\/p>\n<p><a href=\"http:\/\/museipiemonte.cultura.gov.it\/index.php\/servizi-educativi\/castello-di-aglie-che-lo-spettacolo-abbia-inizio\/\" target=\"_blank\" rel=\"noopener\">Castello di Agli\u00e8 &#8211; &#8230; che lo spettacolo abbia inizio<\/a><\/p>\n<p><a href=\"http:\/\/museipiemonte.cultura.gov.it\/?p=7134\">Castello di Racconigi &#8211; Il giardino perduto di Josephine<\/a><\/p>\n<p><a href=\"http:\/\/museipiemonte.cultura.gov.it\/index.php\/servizi-educativi\/castello-di-moncalieri-ti-racconto-un-castello-dal-1400-al-1600\/\" target=\"_blank\" rel=\"noopener\">Castello di Moncalieri &#8211; Ti racconto un castello: dal 1400 al 1600\u00a0<\/a><\/p>\n<p><a href=\"http:\/\/museipiemonte.cultura.gov.it\/index.php\/servizi-educativi\/villa-della-regina-leco-stampa-vegetale\/\" target=\"_blank\" rel=\"noopener\">Villa della Regina &#8211; L&#8217;eco stampa vegetale<\/a><\/p>\n<p><a href=\"http:\/\/museipiemonte.cultura.gov.it\/index.php\/servizi-educativi\/forte-di-gavi-storie-e-avventure-al-forte\/\" target=\"_blank\" rel=\"noopener\">Forte di Gavi &#8211;\u00a0Storie e avventure al Forte<\/a><\/p>\n<p><a href=\"http:\/\/museipiemonte.cultura.gov.it\/index.php\/servizi-educativi\/castello-di-racconigi-passeggiata-nel-parco\/\" target=\"_blank\" rel=\"noopener\">Castello di Racconigi &#8211; Passeggiata nel Parco<\/a><\/p>\n<p><a href=\"http:\/\/museipiemonte.cultura.gov.it\/index.php\/servizi-educativi\/castello-di-aglie-la-sala-tuscolana-un-museo-nel-museo\/\" target=\"_blank\" rel=\"noopener\">Castello di Agli\u00e8 &#8211; La Sala Tuscolana: un museo nel museo<\/a><\/p>\n<p><a href=\"http:\/\/museipiemonte.cultura.gov.it\/index.php\/servizi-educativi\/abbazia-di-vezzolano-tra-orto-e-giardino\/\" target=\"_blank\" rel=\"noopener\">Abbazia di Vezzolano &#8211; Tra orto e giardino<\/a><\/p>\n<p><a href=\"http:\/\/museipiemonte.cultura.gov.it\/index.php\/servizi-educativi\/alla-scoperta-di-palazzo-carignano\/\" target=\"_blank\" rel=\"noopener\">Alla scoperta di Palazzo Carignano<\/a><\/p>\n<p><a href=\"http:\/\/museipiemonte.cultura.gov.it\/index.php\/servizi-educativi\/villa-della-regina-mascheroni-a-villa-della-regina\/\" target=\"_blank\" rel=\"noopener\">Villa della Regina &#8211; Mascheroni grotteschi<\/a><\/p>\n<p><a href=\"http:\/\/museipiemonte.cultura.gov.it\/?p=6714\" target=\"_blank\" rel=\"noopener\">Castello di Racconigi &#8211; La storia del Principe<\/a><\/p>\n<p><a href=\"http:\/\/museipiemonte.cultura.gov.it\/index.php\/servizi-educativi\/palazzo-carignano-cera-una-volta-un-giardino\/\" target=\"_blank\" rel=\"noopener\">Palazzo Carignano &#8211; C&#8217;era una volta un giardino<\/a><\/p>\n<p><a href=\"http:\/\/museipiemonte.cultura.gov.it\/index.php\/servizi-educativi\/castello-di-aglie-un-cartone-per-le-uova-no-sorpresa\/\" target=\"_blank\" rel=\"noopener\">Castello di Agli\u00e8 &#8211;\u00a0Un cartone per le uova? No\u2026. Sorpresa!<\/a><\/p>\n<p><a href=\"http:\/\/museipiemonte.cultura.gov.it\/index.php\/servizi-educativi\/palazzo-carignano-festa-del-papa-un-prezioso-segnalibro\/\" target=\"_blank\" rel=\"noopener\">Palazzo Carignano &#8211; Festa del Pap\u00e0. Un prezioso segnalibro<\/a><\/p>\n<p><a href=\"http:\/\/museipiemonte.cultura.gov.it\/index.php\/villa-della-regina-giornata-del-paesaggio-14-marzo-2021\/\" target=\"_blank\" rel=\"noopener\">Villa della Regina &#8211; Giornata del Paesaggio 14 marzo 2021<\/a><\/p>\n<p><a href=\"http:\/\/museipiemonte.cultura.gov.it\/index.php\/servizi-educativi\/alla-scoperta-del-giardino-del-castello-di-aglie\/\" target=\"_blank\" rel=\"noopener\">Castello di Agli\u00e8 &#8211;\u00a0Alla scoperta del Giardino<\/a><\/p>\n<p><a href=\"http:\/\/museipiemonte.cultura.gov.it\/index.php\/servizi-educativi\/castello-di-racconigi-regine-a-racconigi\/\" target=\"_blank\" rel=\"noopener\">Castello di Racconigi &#8211; Festa della donna. Regine a Racconigi<\/a><\/p>\n<p><a href=\"http:\/\/museipiemonte.cultura.gov.it\/index.php\/servizi-educativi\/una-principessa-al-castello-di-aglie\/\" target=\"_blank\" rel=\"noopener\">Castello di Agli\u00e8 &#8211;\u00a0Una principessa al Castello<\/a><\/p>\n<p><a href=\"http:\/\/museipiemonte.cultura.gov.it\/index.php\/servizi-educativi\/castello-di-aglie-tutti-a-tavola\/\" target=\"_blank\" rel=\"noopener\">Castello di Agli\u00e8 &#8211; Tutti a tavola!<\/a><\/p>\n<p><a href=\"http:\/\/museipiemonte.cultura.gov.it\/index.php\/servizi-educativi\/castello-di-racconigi-coppie-al-castello-2\/\" target=\"_blank\" rel=\"noopener\">Castello di Racconigi &#8211; Coppie al Castello<\/a><\/p>\n<p><a href=\"http:\/\/museipiemonte.cultura.gov.it\/index.php\/servizi-educativi\/castello-di-racconigi-alla-scoperta-dei-mosaici\/\" target=\"_blank\" rel=\"noopener\">Castello di Racconigi &#8211; Alla scoperta dei mosaici<\/a><\/p>\n<p><a href=\"http:\/\/museipiemonte.cultura.gov.it\/index.php\/servizi-educativi\/palazzo-carignano-il-ballo-del-principe\/\" target=\"_blank\" rel=\"noopener\">Palazzo Carignano &#8211; Il Ballo del Principe<\/a><\/p>\n<p><a href=\"http:\/\/museipiemonte.cultura.gov.it\/index.php\/servizi-educativi\/villa-della-regina-la-danza-del-drago\/\" target=\"_blank\" rel=\"noopener\">Villa della Regina &#8211; La danza del drago<\/a><\/p>\n<p><a href=\"http:\/\/museipiemonte.cultura.gov.it\/index.php\/servizi-educativi\/villa-della-regina-vedute-ottiche-e-lanterne-luminose\/\" target=\"_blank\" rel=\"noopener\">Villa della Regina &#8211; Vedute ottiche e lanterne luminose<\/a><\/p>\n<p><a href=\"http:\/\/museipiemonte.cultura.gov.it\/index.php\/servizi-educativi\/villa-della-regina-le-fiabe-di-anna-maria-dorleans\/\" target=\"_blank\" rel=\"noopener\">Villa della Regina &#8211; Le fiabe di Anna Maria d\u2019Orl\u00e9ans<\/a><\/p>\n<p><a href=\"http:\/\/museipiemonte.cultura.gov.it\/index.php\/servizi-educativi\/castello-di-racconigi-i-simboli-sabaudi\/\" target=\"_blank\" rel=\"noopener\">Castello di Racconigi &#8211; I simboli sabaudi<\/a><\/p>\n<p><a href=\"http:\/\/museipiemonte.cultura.gov.it\/index.php\/servizi-educativi\/castello-di-racconigi-crea-una-lanterna-natalizia\/\" target=\"_blank\" rel=\"noopener\">Castello di Racconigi &#8211; Crea una lanterna natalizia<\/a><\/p>\n<p><a href=\"http:\/\/museipiemonte.cultura.gov.it\/index.php\/servizi-educativi\/villa-della-regina-cartoline-dauguri\/\" target=\"_blank\" rel=\"noopener\">Villa della Regina &#8211; Cartoline d&#8217;auguri<\/a><\/p>\n<p><a href=\"http:\/\/museipiemonte.cultura.gov.it\/index.php\/servizi-educativi\/castello-di-aglie-il-memory-ducale\/\" target=\"_blank\" rel=\"noopener\">Castello di Agli\u00e8 &#8211; Il memory ducale<\/a><\/p>\n<p><a href=\"http:\/\/museipiemonte.cultura.gov.it\/?p=6067\" target=\"_blank\" rel=\"noopener\">Castello di Agli\u00e8 &#8211; Le palline dell&#8217;Avvento<\/a><\/p>\n<p>&nbsp;<\/p>\n<p>&nbsp;<\/p>\n<p>&nbsp;<\/p>\n<p>&nbsp;<\/p>\n<p>&nbsp;<\/p>\n","protected":false},"excerpt":{"rendered":"<p>Servizi Educativi I Servizi Educativi della Direzione regionale Musei Piemonte propongono una vasta offerta di attivit\u00e0 didattiche, pensate in funzione delle varie fasce di et\u00e0 e di formazione del pubblico pi\u00f9 giovane. La proposta didattica [&hellip;]<\/p>\n","protected":false},"author":1,"featured_media":0,"parent":0,"menu_order":0,"comment_status":"closed","ping_status":"closed","template":"","meta":{"footnotes":""},"class_list":["post-6061","page","type-page","status-publish","hentry"],"_links":{"self":[{"href":"https:\/\/museipiemonte.cultura.gov.it\/index.php\/wp-json\/wp\/v2\/pages\/6061","targetHints":{"allow":["GET"]}}],"collection":[{"href":"https:\/\/museipiemonte.cultura.gov.it\/index.php\/wp-json\/wp\/v2\/pages"}],"about":[{"href":"https:\/\/museipiemonte.cultura.gov.it\/index.php\/wp-json\/wp\/v2\/types\/page"}],"author":[{"embeddable":true,"href":"https:\/\/museipiemonte.cultura.gov.it\/index.php\/wp-json\/wp\/v2\/users\/1"}],"replies":[{"embeddable":true,"href":"https:\/\/museipiemonte.cultura.gov.it\/index.php\/wp-json\/wp\/v2\/comments?post=6061"}],"version-history":[{"count":76,"href":"https:\/\/museipiemonte.cultura.gov.it\/index.php\/wp-json\/wp\/v2\/pages\/6061\/revisions"}],"predecessor-version":[{"id":13867,"href":"https:\/\/museipiemonte.cultura.gov.it\/index.php\/wp-json\/wp\/v2\/pages\/6061\/revisions\/13867"}],"wp:attachment":[{"href":"https:\/\/museipiemonte.cultura.gov.it\/index.php\/wp-json\/wp\/v2\/media?parent=6061"}],"curies":[{"name":"wp","href":"https:\/\/api.w.org\/{rel}","templated":true}]}}