{"id":8252,"date":"2022-10-20T12:36:05","date_gmt":"2022-10-20T10:36:05","guid":{"rendered":"http:\/\/museipiemonte.cultura.gov.it\/?page_id=8252"},"modified":"2022-10-20T13:31:09","modified_gmt":"2022-10-20T11:31:09","slug":"area-archeologica-di-libarna","status":"publish","type":"page","link":"https:\/\/museipiemonte.cultura.gov.it\/index.php\/musei-e-luoghi-della-cultura\/area-archeologica-di-libarna\/","title":{"rendered":"Area archeologica di Libarna"},"content":{"rendered":"<p style=\"text-align: center;\"><strong>Storia<\/strong>\u00a0\u00a0 \u00a0| \u00a0 \u00a0<a href=\"http:\/\/museipiemonte.cultura.gov.it\/index.php\/musei-e-luoghi-della-cultura\/area-archeologica-di-libarna\/visita-libarna\/\">Visita Libarna<\/a>\u00a0 \u00a0 | \u00a0 \u00a0<a href=\"http:\/\/museipiemonte.cultura.gov.it\/index.php\/musei-e-luoghi-della-cultura\/area-archeologica-di-libarna\/libarna-immagini-e-video\/\">Immagini e video<\/a>\u00a0\u00a0 \u00a0| \u00a0 \u00a0<a href=\"http:\/\/museipiemonte.cultura.gov.it\/index.php\/musei-e-luoghi-della-cultura\/area-archeologica-di-libarna\/libarna-staff\/\">Staff<\/a>\u00a0\u00a0 \u00a0| \u00a0 \u00a0<a href=\"http:\/\/museipiemonte.cultura.gov.it\/index.php\/musei-e-luoghi-della-cultura\/area-archeologica-di-libarna\/libarna-contatti\/\">Contatti<\/a>\u00a0 \u00a0 | \u00a0 \u00a0<a href=\"http:\/\/museipiemonte.cultura.gov.it\/index.php\/category\/libarna\">News<\/a>\u00a0 \u00a0 |\u00a0 \u00a0\u00a0<a href=\"http:\/\/museipiemonte.cultura.gov.it\/?p=6061\">Offerta formativa<\/a><\/p>\n<p style=\"text-align: center;\"><img loading=\"lazy\" decoding=\"async\" class=\"alignnone size-full wp-image-164\" src=\"http:\/\/museipiemonte.cultura.gov.it\/wp-content\/uploads\/2015\/11\/hr2.png\" alt=\"hr2\" width=\"164\" height=\"50\" \/><\/p>\n<p><strong><em>Storia<\/em><\/strong><\/p>\n<p style=\"text-align: left;\">La citt\u00e0 romana, che mantiene il toponimo preromano, fu fondata nel I secolo a.C. in una posizione strategica, dominante la valle, in un territorio gi\u00e0 frequentato dal Neolitico (IV-III millennio a.C.).<br \/>\nDopo la realizzazione della via Postumia (148 a.C.), il centro ricevette grande impulso e raggiunse la massima fioritura in et\u00e0 imperiale (I-II secolo d.C.). Divenne cos\u00ec una citt\u00e0 caratterizzata dalle tipiche forme monumentali dell\u2019urbanistica romana: la piazza forense, i templi, teatro e anfiteatro, terme e complessi residenziali privati.<br \/>\nNel corso della tarda antichit\u00e0 e dell\u2019alto medioevo Libarna si ridusse ad un villaggio, finch\u00e9 la costruzione delle strutture fortificate di Serravalle ed Arquata caus\u00f2 il definitivo spostamento della popolazione in questi siti meglio difesi.<br \/>\nLa scoperta di Libarna, fondamentale testimonianza della romanizzazione della regio IX Liguria, avvenne nel XIX secolo, in occasione della costruzione della Strada Regia dei Giovi (1821-1823) e delle ferrovie Torino-Genova (1850) e Milano-Genova (1911). L\u2019area archeologica oggi visitabile corrisponde a circa un decimo della citt\u00e0 originaria, per buona parte messa in luce dalle successive ricerche della Soprintendenza per i beni archeologici del Piemonte.<br \/>\nLa citt\u00e0 era attestata su due assi viari: la via Postumia (cardine massimo) e il decumano massimo che la intersecava perpendicolarmente. Gli isolati sono occupati da abitazioni private, costruite a partire dalla fine del I secolo a.C. con ambienti disposti attorno ad un cortile porticato centrale (peristilio). Alcune mostrano consistente ampiezza e ricchezza decorativa: sono stati rinvenuti pavimenti in lastre di marmo e un grande mosaico raffigurante il mito di Licurgo e Ambrosia. La costruzione dell\u2019anfiteatro (II secolo d.C.) modific\u00f2 in gran parte la natura dell\u2019isolato, che vide l\u2019apertura di botteghe e di una locanda. Alcuni tra i materiali archeologici pi\u00f9 significativi sono attualmente esposti presso il Museo di Antichit\u00e0 di Torino e nell\u2019Area Museale di Libarna, ospitata nel Palazzo comunale di Serravalle Scrivia.<\/p>\n","protected":false},"excerpt":{"rendered":"<p>Storia\u00a0\u00a0 \u00a0| \u00a0 \u00a0Visita Libarna\u00a0 \u00a0 | \u00a0 \u00a0Immagini e video\u00a0\u00a0 \u00a0| \u00a0 \u00a0Staff\u00a0\u00a0 \u00a0| \u00a0 \u00a0Contatti\u00a0 \u00a0 | \u00a0 \u00a0News\u00a0 \u00a0 |\u00a0 \u00a0\u00a0Offerta formativa Storia La citt\u00e0 romana, che mantiene il toponimo preromano, fu [&hellip;]<\/p>\n","protected":false},"author":1,"featured_media":0,"parent":41,"menu_order":0,"comment_status":"closed","ping_status":"closed","template":"page-templates\/page_fullwidth.php","meta":{"footnotes":""},"class_list":["post-8252","page","type-page","status-publish","hentry"],"_links":{"self":[{"href":"https:\/\/museipiemonte.cultura.gov.it\/index.php\/wp-json\/wp\/v2\/pages\/8252","targetHints":{"allow":["GET"]}}],"collection":[{"href":"https:\/\/museipiemonte.cultura.gov.it\/index.php\/wp-json\/wp\/v2\/pages"}],"about":[{"href":"https:\/\/museipiemonte.cultura.gov.it\/index.php\/wp-json\/wp\/v2\/types\/page"}],"author":[{"embeddable":true,"href":"https:\/\/museipiemonte.cultura.gov.it\/index.php\/wp-json\/wp\/v2\/users\/1"}],"replies":[{"embeddable":true,"href":"https:\/\/museipiemonte.cultura.gov.it\/index.php\/wp-json\/wp\/v2\/comments?post=8252"}],"version-history":[{"count":6,"href":"https:\/\/museipiemonte.cultura.gov.it\/index.php\/wp-json\/wp\/v2\/pages\/8252\/revisions"}],"predecessor-version":[{"id":8691,"href":"https:\/\/museipiemonte.cultura.gov.it\/index.php\/wp-json\/wp\/v2\/pages\/8252\/revisions\/8691"}],"up":[{"embeddable":true,"href":"https:\/\/museipiemonte.cultura.gov.it\/index.php\/wp-json\/wp\/v2\/pages\/41"}],"wp:attachment":[{"href":"https:\/\/museipiemonte.cultura.gov.it\/index.php\/wp-json\/wp\/v2\/media?parent=8252"}],"curies":[{"name":"wp","href":"https:\/\/api.w.org\/{rel}","templated":true}]}}