{"id":8260,"date":"2022-10-20T11:57:07","date_gmt":"2022-10-20T09:57:07","guid":{"rendered":"http:\/\/museipiemonte.cultura.gov.it\/?page_id=8260"},"modified":"2026-05-04T14:36:28","modified_gmt":"2026-05-04T12:36:28","slug":"visita-industria","status":"publish","type":"page","link":"https:\/\/museipiemonte.cultura.gov.it\/index.php\/musei-e-luoghi-della-cultura\/area-archeologica-di-industria\/visita-industria\/","title":{"rendered":"Visita Industria"},"content":{"rendered":"<p style=\"text-align: center;\"><a href=\"http:\/\/museipiemonte.cultura.gov.it\/index.php\/musei-e-luoghi-della-cultura\/area-archeologica-di-industria\/\">Storia<\/a>\u00a0\u00a0 \u00a0| \u00a0 \u00a0<strong>Visita Industria<\/strong>\u00a0 \u00a0 | \u00a0 \u00a0<a href=\"http:\/\/museipiemonte.cultura.gov.it\/index.php\/musei-e-luoghi-della-cultura\/area-archeologica-della-citta-romana-di-industria\/industria-immagini-e-video\/\">Immagini e video<\/a>\u00a0\u00a0 \u00a0| \u00a0 \u00a0<a href=\"http:\/\/museipiemonte.cultura.gov.it\/index.php\/musei-e-luoghi-della-cultura\/area-archeologica-della-citta-romana-di-industria\/industria-staff\/\">Staff<\/a>\u00a0\u00a0 \u00a0| \u00a0 \u00a0<a href=\"http:\/\/museipiemonte.cultura.gov.it\/index.php\/musei-e-luoghi-della-cultura\/area-archeologica-della-citta-romana-di-industria\/industria-contatti\/\">Contatti<\/a>\u00a0 \u00a0 | \u00a0 \u00a0<a href=\"http:\/\/museipiemonte.cultura.gov.it\/index.php\/category\/industria\/\">News<\/a>\u00a0 \u00a0|\u00a0 \u00a0\u00a0<a href=\"http:\/\/museipiemonte.cultura.gov.it\/?p=6061\">Offerta formativa<\/a><\/p>\n<p style=\"text-align: center;\"><img loading=\"lazy\" decoding=\"async\" class=\"alignnone size-full wp-image-164\" src=\"http:\/\/museipiemonte.cultura.gov.it\/wp-content\/uploads\/2015\/11\/hr2.png\" alt=\"hr2\" width=\"164\" height=\"50\" \/><\/p>\n<p><em><strong>Orari<\/strong><\/em><\/p>\n<p><em>gioved\u00ec<br \/>\n<\/em>dalle 10.00 alle 12.30 e dalle 14.30 alle 17.30<em><br \/>\n<\/em><\/p>\n<p><em>sabato e domenica<\/em><br \/>\ndalle 10.00 alle 12.30 e dalle 14.30 alle 17.30<\/p>\n<p><em>luned\u00ec, marted\u00ec, mercoled\u00ec, venerd\u00ec<\/em><br \/>\nchiuso<\/p>\n<p>Prenotazione obbligatoria:\u00a0e-mail <a href=\"mailto:athena.as.culturale@gmail.com\" target=\"_blank\" rel=\"noopener\">athena.as.culturale@gmail.com<\/a>, tel. 3791592724<\/p>\n<p><img loading=\"lazy\" decoding=\"async\" class=\"alignnone wp-image-157 size-full\" src=\"http:\/\/museipiemonte.cultura.gov.it\/wp-content\/uploads\/2015\/11\/hr.png\" alt=\"\" width=\"50\" height=\"50\" \/><\/p>\n<p style=\"text-align: left;\"><strong><em>Biglietti<\/em><\/strong><\/p>\n<p style=\"text-align: left;\">Ingresso gratuito<\/p>\n<p style=\"text-align: left;\">Info gruppi e prenotazioni: \u00a0e-mail <a href=\"mailto:athena.as.culturale@gmail.com\" target=\"_blank\" rel=\"noopener\">athena.as.culturale@gmail.com<\/a>, tel.\u00a03791592724<\/p>\n<p style=\"text-align: left;\"><img loading=\"lazy\" decoding=\"async\" class=\"alignnone wp-image-157 size-full\" src=\"http:\/\/museipiemonte.cultura.gov.it\/wp-content\/uploads\/2015\/11\/hr.png\" alt=\"\" width=\"50\" height=\"50\" \/><\/p>\n<p style=\"text-align: left;\"><strong><em>Dove siamo<\/em><\/strong><\/p>\n<p style=\"text-align: left;\"><iframe loading=\"lazy\" style=\"border: 0;\" src=\"https:\/\/www.google.com\/maps\/embed?pb=!1m18!1m12!1m3!1d40114.19446759829!2d8.018505940782122!3d45.14707621492716!2m3!1f0!2f0!3f0!3m2!1i1024!2i768!4f13.1!3m3!1m2!1s0x4787da720eec92b3%3A0x39ba41f41d4c9853!2sArea%20Archeologica%20della%20Citt%C3%A0%20Romana%20di%20Industria!5e0!3m2!1sit!2sit!4v1655798037114!5m2!1sit!2sit\" width=\"600\" height=\"300\" allowfullscreen=\"allowfullscreen\"><\/iframe><\/p>\n<p style=\"text-align: left;\">Corso Industria, snc<br \/>\n10020 Monteu da Po (TO)<br \/>\n<img loading=\"lazy\" decoding=\"async\" class=\"alignnone wp-image-157 size-full\" src=\"http:\/\/museipiemonte.cultura.gov.it\/wp-content\/uploads\/2015\/11\/hr.png\" alt=\"\" width=\"50\" height=\"50\" \/><\/p>\n<p style=\"text-align: left;\"><em><strong>Come raggiungerci<\/strong><\/em><\/p>\n<p style=\"text-align: left;\">In aereo: aeroporto di Torino Caselle &#8220;Sandro Pertini&#8221; (TRN)\u00a0&#8211; info:\u00a0<a href=\"http:\/\/www.aeroportoditorino.it\/it\" target=\"_blank\" rel=\"noopener\">Sagat<\/a><br \/>\nIn autobus: con partenza da Chivasso &#8211; info:\u00a0<a href=\"https:\/\/www.gtt.to.it\/cms\/risorse\/intercomunale\/oraripdf\/3105.pdf\" target=\"_blank\" rel=\"noopener\">QUI<\/a><br \/>\nIn auto, da autostrada A4: uscita Chivasso Est\u00a0&#8211; proseguire in direzione Verolengo, poi San Sebastiano &#8211;\u00a0<a href=\"https:\/\/goo.gl\/maps\/6t1JwdFsU6xgm6of7\" target=\"_blank\" rel=\"noopener\">vedi sulla mappa<\/a><br \/>\nIn auto, da autostrada A21: uscita Asti Est &#8211; proseguire in direzione Casale Monferrato, poi Cocconato, poi Torino &#8211;\u00a0<a href=\"https:\/\/goo.gl\/maps\/Q9DYTqwi2MkEGFVB9\" target=\"_blank\" rel=\"noopener\">vedi sulla mappa<br \/>\n<\/a><\/p>\n<p><img loading=\"lazy\" decoding=\"async\" class=\"alignnone wp-image-157 size-full\" src=\"http:\/\/museipiemonte.cultura.gov.it\/wp-content\/uploads\/2015\/11\/hr.png\" alt=\"\" width=\"50\" height=\"50\" \/><\/p>\n<p><strong><em>Servizi<\/em><br \/>\n<\/strong><\/p>\n<p><em>Accesso disabili<\/em><br \/>\nNo<\/p>\n<p><em>Audioguide<\/em><br \/>\nNo<\/p>\n<p><em>Guardaroba<\/em><br \/>\nNo<\/p>\n<p><em>Bookshop<br \/>\n<\/em>No<\/p>\n<p>Carta servizi<\/p>\n","protected":false},"excerpt":{"rendered":"<p>Storia\u00a0\u00a0 \u00a0| \u00a0 \u00a0Visita Industria\u00a0 \u00a0 | \u00a0 \u00a0Immagini e video\u00a0\u00a0 \u00a0| \u00a0 \u00a0Staff\u00a0\u00a0 \u00a0| \u00a0 \u00a0Contatti\u00a0 \u00a0 | \u00a0 \u00a0News\u00a0 \u00a0|\u00a0 \u00a0\u00a0Offerta formativa Orari gioved\u00ec dalle 10.00 alle 12.30 e dalle 14.30 alle 17.30 [&hellip;]<\/p>\n","protected":false},"author":1,"featured_media":0,"parent":7980,"menu_order":1,"comment_status":"closed","ping_status":"closed","template":"page-templates\/page_fullwidth.php","meta":{"footnotes":""},"class_list":["post-8260","page","type-page","status-publish","hentry"],"_links":{"self":[{"href":"https:\/\/museipiemonte.cultura.gov.it\/index.php\/wp-json\/wp\/v2\/pages\/8260","targetHints":{"allow":["GET"]}}],"collection":[{"href":"https:\/\/museipiemonte.cultura.gov.it\/index.php\/wp-json\/wp\/v2\/pages"}],"about":[{"href":"https:\/\/museipiemonte.cultura.gov.it\/index.php\/wp-json\/wp\/v2\/types\/page"}],"author":[{"embeddable":true,"href":"https:\/\/museipiemonte.cultura.gov.it\/index.php\/wp-json\/wp\/v2\/users\/1"}],"replies":[{"embeddable":true,"href":"https:\/\/museipiemonte.cultura.gov.it\/index.php\/wp-json\/wp\/v2\/comments?post=8260"}],"version-history":[{"count":142,"href":"https:\/\/museipiemonte.cultura.gov.it\/index.php\/wp-json\/wp\/v2\/pages\/8260\/revisions"}],"predecessor-version":[{"id":14283,"href":"https:\/\/museipiemonte.cultura.gov.it\/index.php\/wp-json\/wp\/v2\/pages\/8260\/revisions\/14283"}],"up":[{"embeddable":true,"href":"https:\/\/museipiemonte.cultura.gov.it\/index.php\/wp-json\/wp\/v2\/pages\/7980"}],"wp:attachment":[{"href":"https:\/\/museipiemonte.cultura.gov.it\/index.php\/wp-json\/wp\/v2\/media?parent=8260"}],"curies":[{"name":"wp","href":"https:\/\/api.w.org\/{rel}","templated":true}]}}